{"id":1237,"date":"2020-04-26T15:03:29","date_gmt":"2020-04-26T12:03:29","guid":{"rendered":"http:\/\/markkuu.fi\/wordpress\/?page_id=1237"},"modified":"2023-10-01T15:11:12","modified_gmt":"2023-10-01T12:11:12","slug":"viikottainen-toiminta","status":"publish","type":"page","link":"https:\/\/markkuu.fi\/wordpress\/?page_id=1237","title":{"rendered":"VIIKOTTAINEN TOIMINTA"},"content":{"rendered":"\n<p>Markkuun s\u00e4\u00e4nn\u00f6llinen viikottainen toiminta tavoittaa kymmeni\u00e4 kyl\u00e4l\u00e4isi\u00e4. Tavoitteenamme on tarjota kyl\u00e4l\u00e4isille monipuolista, asukkaiden hyvinvointia lis\u00e4\u00e4v\u00e4\u00e4 liikunta- ja harrastustoimintaa. Toiminta keskittyy Markkuun koulukiinteist\u00f6\u00f6n, mutta my\u00f6s koulun piha-aluetta sek\u00e4 Markkuun luontopolkua hy\u00f6dynnet\u00e4\u00e4n toiminnassa aktiivisesti.<\/p>\n\n\n\n<p>Viikottaisten toimintojen lis\u00e4ksi kyl\u00e4yhdistys j\u00e4rjest\u00e4\u00e4 monipuolisia tapahtumia sek\u00e4 yksin ett\u00e4 yhdess\u00e4 erilaisten yhteisty\u00f6kumppaneiden kanssa. Huhtikuussa 2020 aloitimme my\u00f6s et\u00e4yhteyksien hy\u00f6dynt\u00e4misen. Lue lis\u00e4\u00e4<a href=\"https:\/\/tyrnava.4h.fi\/\" target=\"_blank\" rel=\"noreferrer noopener\"> t\u00e4\u00e4lt\u00e4<\/a><\/p>\n\n\n\n<h2 class=\"wp-block-heading\">LASTEN JA NUORTEN KERHOTOIMINTA<\/h2>\n\n\n\n<figure class=\"wp-block-image size-large\"><img loading=\"lazy\" decoding=\"async\" width=\"1024\" height=\"768\" src=\"http:\/\/markkuu.fi\/wordpress\/wp-content\/uploads\/2020\/04\/Valokuva-henkil\u00f6lt\u00e4-Riina1-1024x768.jpg\" alt=\"\" class=\"wp-image-1241\" srcset=\"https:\/\/markkuu.fi\/wordpress\/wp-content\/uploads\/2020\/04\/Valokuva-henkil\u00f6lt\u00e4-Riina1-1024x768.jpg 1024w, https:\/\/markkuu.fi\/wordpress\/wp-content\/uploads\/2020\/04\/Valokuva-henkil\u00f6lt\u00e4-Riina1-300x225.jpg 300w, https:\/\/markkuu.fi\/wordpress\/wp-content\/uploads\/2020\/04\/Valokuva-henkil\u00f6lt\u00e4-Riina1-768x576.jpg 768w, https:\/\/markkuu.fi\/wordpress\/wp-content\/uploads\/2020\/04\/Valokuva-henkil\u00f6lt\u00e4-Riina1-1536x1153.jpg 1536w, https:\/\/markkuu.fi\/wordpress\/wp-content\/uploads\/2020\/04\/Valokuva-henkil\u00f6lt\u00e4-Riina1.jpg 1599w\" sizes=\"auto, (max-width: 1024px) 100vw, 1024px\" \/><figcaption class=\"wp-element-caption\">Monitoimikerholaiset kev\u00e4tretkell\u00e4 <a href=\"https:\/\/www.liisanlinna.fi\/\" target=\"_blank\" rel=\"noreferrer noopener\">Liisanlinnassa<\/a> kev\u00e4\u00e4ll\u00e4 2019. Kuva Hannele Nissinen. <\/figcaption><\/figure>\n\n\n\n<p>Kyl\u00e4yhdistys j\u00e4rjest\u00e4\u00e4 Markkuun koululla maksutonta lasten kerhotoimintaa. Lukuvuonna 2022-2023 j\u00e4rjest\u00e4mme maanantai-iltaisin monitoimiliikkaria, johon otetaan mukaan 15 innokasta kerholaista. <\/p>\n\n\n\n<p>Kerhotoiminnan mahdollistaa Pohjois-Suomen aluehallintoviraston my\u00f6nt\u00e4m\u00e4 <a href=\"https:\/\/www.avi.fi\/web\/avi\/avustukset-lasten-ja-nuorten-paikalliseen-harrastustoimintaan\" target=\"_blank\" rel=\"noreferrer noopener\">valtion avustus lasten ja nuorten paikalliseen harrastustoimintaan<\/a>.<\/p>\n\n\n\n<p>My\u00f6s Tyrn\u00e4v\u00e4n 4H -yhdistys j\u00e4rjest\u00e4\u00e4 kerhotoimintaa Luonto- ja hyvinvointitalo Peukaloisessa (entinen Markkuun koulu). Lis\u00e4tietoja kerhoista <a href=\"https:\/\/tyrnava.4h.fi\/toiminta\/kerhot\/\" target=\"_blank\" rel=\"noreferrer noopener\">t\u00e4\u00e4lt\u00e4<\/a><a rel=\"noreferrer noopener\" href=\"https:\/\/tyrnava.4h.fi\/toiminta\/kerhot\/safkasankarit-1-6-lk-to-markkula\/\" target=\"_blank\"> <\/a><\/p>\n\n\n\n<h2 class=\"wp-block-heading\">PERHEPORINAT<\/h2>\n\n\n\n<p>Alle kouluik\u00e4isille lapsille ja heid\u00e4n vanhemmilleen j\u00e4rjestett\u00e4v\u00e4t maksuttomat perheporinat kokoontuu maanantaisin klo 10-12 Luonto- ja hyvinvointitalo Peukaloisessa. Toiminta on vapaamuotoista yhdess\u00e4oloa, leikki\u00e4 ja kuulumisten vaihtoa ja sinne ovat tervetulleita my\u00f6s isovanhemmat lastenlastensa kanssa. Ota yhteytt\u00e4 s\u00e4hk\u00f6postilla osoitteeseen yhdistys(at)markkuu.fi tai <a rel=\"noreferrer noopener\" href=\"https:\/\/www.facebook.com\/markkuunkylayhdistys\/\" target=\"_blank\">Facebookin<\/a> kautta mik\u00e4li olet kiinnostunut toiminnasta.<\/p>\n\n\n\n<h2 class=\"wp-block-heading\">MIELEN JA KEHON HUOLTOA: JUMPPA+<\/h2>\n\n\n\n<figure class=\"wp-block-image size-large\"><a href=\"http:\/\/markkuu.fi\/wordpress\/wp-content\/uploads\/2021\/10\/IMG_20210919_180003-scaled.jpg\"><img loading=\"lazy\" decoding=\"async\" width=\"1024\" height=\"768\" src=\"http:\/\/markkuu.fi\/wordpress\/wp-content\/uploads\/2021\/10\/IMG_20210919_180003-1024x768.jpg\" alt=\"\" class=\"wp-image-1542\" srcset=\"https:\/\/markkuu.fi\/wordpress\/wp-content\/uploads\/2021\/10\/IMG_20210919_180003-1024x768.jpg 1024w, https:\/\/markkuu.fi\/wordpress\/wp-content\/uploads\/2021\/10\/IMG_20210919_180003-300x225.jpg 300w, https:\/\/markkuu.fi\/wordpress\/wp-content\/uploads\/2021\/10\/IMG_20210919_180003-768x576.jpg 768w, https:\/\/markkuu.fi\/wordpress\/wp-content\/uploads\/2021\/10\/IMG_20210919_180003-1536x1152.jpg 1536w, https:\/\/markkuu.fi\/wordpress\/wp-content\/uploads\/2021\/10\/IMG_20210919_180003-2048x1536.jpg 2048w\" sizes=\"auto, (max-width: 1024px) 100vw, 1024px\" \/><\/a><figcaption class=\"wp-element-caption\">Syyskuussa 2021 JUMPPA+ ryhm\u00e4 tutustui Markkuun maatilalle pian valmistuvaan ulkokuntosaliin sek\u00e4 maatilan ymp\u00e4rist\u00f6\u00f6n ja el\u00e4imiin. Kehon ja mielen huoltoa parhaimmillaan \ud83d\ude42 Kuva Riina Rahkila<\/figcaption><\/figure>\n\n\n\n<p>Syyskuussa 2021 k\u00e4ynnistyi Markkuulla uusi JUMPPA+ toiminta<br>sunnuntaisin. Toimintaan sis\u00e4ltyy mm. jumppailua ja kehonhuoltoa<br>maksuttomien video-ohjausten tahtiin, yhteislenkkej\u00e4, mielt\u00e4 virkist\u00e4vi\u00e4 porinoita teekupposen \u00e4\u00e4rell\u00e4 sek\u00e4 vierailevia ohjaajia. Toiminta on siis paljon muutakin kuin pelkk\u00e4\u00e4 jumppaa ja yhdess\u00e4 teemme siit\u00e4 osallistujien n\u00e4k\u00f6ist\u00e4. Mukaan kaikille sopivaan, p\u00e4\u00e4s\u00e4\u00e4nt\u00f6isesti maksuttomaan toimintaan p\u00e4\u00e4set ottamalla yhteytt\u00e4 s\u00e4hk\u00f6postilla osoitteeseen yhdistys(at)markkuu.fi. <\/p>\n\n\n\n<p>Kaikki toiveet ja ideat sek\u00e4 uudet osallistujat otetaan mielell\u00e4\u00e4n vastaan, tule siis rohkeasti mukaan mukavaan porukkaan! <\/p>\n","protected":false},"excerpt":{"rendered":"<p>Markkuun s\u00e4\u00e4nn\u00f6llinen viikottainen toiminta tavoittaa kymmeni\u00e4 kyl\u00e4l\u00e4isi\u00e4. Tavoitteenamme on tarjota kyl\u00e4l\u00e4isille monipuolista, asukkaiden hyvinvointia lis\u00e4\u00e4v\u00e4\u00e4 liikunta- ja harrastustoimintaa. Toiminta keskittyy Markkuun koulukiinteist\u00f6\u00f6n, mutta my\u00f6s koulun piha-aluetta sek\u00e4 Markkuun luontopolkua hy\u00f6dynnet\u00e4\u00e4n toiminnassa aktiivisesti. Viikottaisten toimintojen lis\u00e4ksi kyl\u00e4yhdistys j\u00e4rjest\u00e4\u00e4 monipuolisia tapahtumia sek\u00e4 yksin ett\u00e4 yhdess\u00e4 erilaisten yhteisty\u00f6kumppaneiden kanssa. Huhtikuussa 2020 aloitimme my\u00f6s et\u00e4yhteyksien hy\u00f6dynt\u00e4misen. Lue lis\u00e4\u00e4 t\u00e4\u00e4lt\u00e4 &hellip; <a href=\"https:\/\/markkuu.fi\/wordpress\/?page_id=1237\" class=\"more-link\">Jatka lukemista <span class=\"screen-reader-text\">VIIKOTTAINEN TOIMINTA<\/span> <span class=\"meta-nav\">&rarr;<\/span><\/a><\/p>\n","protected":false},"author":2,"featured_media":0,"parent":934,"menu_order":3,"comment_status":"closed","ping_status":"closed","template":"","meta":{"footnotes":""},"class_list":["post-1237","page","type-page","status-publish","hentry"],"_links":{"self":[{"href":"https:\/\/markkuu.fi\/wordpress\/index.php?rest_route=\/wp\/v2\/pages\/1237","targetHints":{"allow":["GET"]}}],"collection":[{"href":"https:\/\/markkuu.fi\/wordpress\/index.php?rest_route=\/wp\/v2\/pages"}],"about":[{"href":"https:\/\/markkuu.fi\/wordpress\/index.php?rest_route=\/wp\/v2\/types\/page"}],"author":[{"embeddable":true,"href":"https:\/\/markkuu.fi\/wordpress\/index.php?rest_route=\/wp\/v2\/users\/2"}],"replies":[{"embeddable":true,"href":"https:\/\/markkuu.fi\/wordpress\/index.php?rest_route=%2Fwp%2Fv2%2Fcomments&post=1237"}],"version-history":[{"count":13,"href":"https:\/\/markkuu.fi\/wordpress\/index.php?rest_route=\/wp\/v2\/pages\/1237\/revisions"}],"predecessor-version":[{"id":1636,"href":"https:\/\/markkuu.fi\/wordpress\/index.php?rest_route=\/wp\/v2\/pages\/1237\/revisions\/1636"}],"up":[{"embeddable":true,"href":"https:\/\/markkuu.fi\/wordpress\/index.php?rest_route=\/wp\/v2\/pages\/934"}],"wp:attachment":[{"href":"https:\/\/markkuu.fi\/wordpress\/index.php?rest_route=%2Fwp%2Fv2%2Fmedia&parent=1237"}],"curies":[{"name":"wp","href":"https:\/\/api.w.org\/{rel}","templated":true}]}}