{"id":1315,"date":"2020-10-17T16:01:54","date_gmt":"2020-10-17T13:01:54","guid":{"rendered":"http:\/\/markkuu.fi\/wordpress\/?page_id=1315"},"modified":"2020-11-02T22:54:39","modified_gmt":"2020-11-02T20:54:39","slug":"luontopolun-linnut","status":"publish","type":"page","link":"https:\/\/markkuu.fi\/wordpress\/?page_id=1315","title":{"rendered":"Alueen linnusto"},"content":{"rendered":"\n<div class=\"wp-block-columns is-layout-flex wp-container-core-columns-is-layout-9d6595d7 wp-block-columns-is-layout-flex\">\n<div class=\"wp-block-column is-vertically-aligned-top is-layout-flow wp-block-column-is-layout-flow\">\n<p>Markkuun luontopolun ja sen l\u00e4hiymp\u00e4rist\u00f6n linnusto yll\u00e4tt\u00e4\u00e4 monipuolisuudellaan. Rehev\u00e4t vesist\u00f6jen varret ja runsas lahopuusto tarjoaa erinomaiset elinolosuhteet kolopesij\u00f6ille, esimerkiksi t\u00f6yht\u00f6tiaisille ja p\u00f6ll\u00f6ille. <\/p>\n\n\n\n<p>T\u00e4m\u00e4n sivuston kuvat ovat hyv\u00e4n yhteisty\u00f6kumppanimme, lintu- ja luontokuvaaja Matti Alasaarelan k\u00e4sialaa. Matti saa kuvissaan hienosti esiin lintujen ominaispiirteet ja ilmeet. Ole hyv\u00e4 ja nauti upeista kuvista!<\/p>\n\n\n\n<p>P\u00d6LL\u00d6T<\/p>\n\n\n\n<figure class=\"wp-block-image size-large\"><img loading=\"lazy\" decoding=\"async\" width=\"1024\" height=\"724\" src=\"http:\/\/markkuu.fi\/wordpress\/wp-content\/uploads\/2020\/11\/varpuspollo-5998-3-1024x724.jpg\" alt=\"\" class=\"wp-image-1392\" srcset=\"https:\/\/markkuu.fi\/wordpress\/wp-content\/uploads\/2020\/11\/varpuspollo-5998-3-1024x724.jpg 1024w, https:\/\/markkuu.fi\/wordpress\/wp-content\/uploads\/2020\/11\/varpuspollo-5998-3-300x212.jpg 300w, https:\/\/markkuu.fi\/wordpress\/wp-content\/uploads\/2020\/11\/varpuspollo-5998-3-768x543.jpg 768w, https:\/\/markkuu.fi\/wordpress\/wp-content\/uploads\/2020\/11\/varpuspollo-5998-3.jpg 1200w\" sizes=\"auto, (max-width: 1024px) 100vw, 1024px\" \/><figcaption>Varpusp\u00f6ll\u00f6. Kuva Matti Alasaarela.<\/figcaption><\/figure>\n\n\n\n<figure class=\"wp-block-image size-full\"><img loading=\"lazy\" decoding=\"async\" width=\"1200\" height=\"849\" src=\"http:\/\/markkuu.fi\/wordpress\/wp-content\/uploads\/2020\/11\/helmipollo-1861-2.jpg\" alt=\"\" class=\"wp-image-1364\" srcset=\"https:\/\/markkuu.fi\/wordpress\/wp-content\/uploads\/2020\/11\/helmipollo-1861-2.jpg 1200w, https:\/\/markkuu.fi\/wordpress\/wp-content\/uploads\/2020\/11\/helmipollo-1861-2-300x212.jpg 300w, https:\/\/markkuu.fi\/wordpress\/wp-content\/uploads\/2020\/11\/helmipollo-1861-2-1024x724.jpg 1024w, https:\/\/markkuu.fi\/wordpress\/wp-content\/uploads\/2020\/11\/helmipollo-1861-2-768x543.jpg 768w\" sizes=\"auto, (max-width: 1200px) 100vw, 1200px\" \/><figcaption>Helmip\u00f6ll\u00f6. Kuva Matti Alasaarela.<\/figcaption><\/figure>\n<\/div>\n<\/div>\n\n\n\n<figure class=\"wp-block-image size-full\"><img loading=\"lazy\" decoding=\"async\" width=\"1200\" height=\"849\" src=\"http:\/\/markkuu.fi\/wordpress\/wp-content\/uploads\/2020\/11\/hiiripollo-6124-2.jpg\" alt=\"\" class=\"wp-image-1365\" srcset=\"https:\/\/markkuu.fi\/wordpress\/wp-content\/uploads\/2020\/11\/hiiripollo-6124-2.jpg 1200w, https:\/\/markkuu.fi\/wordpress\/wp-content\/uploads\/2020\/11\/hiiripollo-6124-2-300x212.jpg 300w, https:\/\/markkuu.fi\/wordpress\/wp-content\/uploads\/2020\/11\/hiiripollo-6124-2-1024x724.jpg 1024w, https:\/\/markkuu.fi\/wordpress\/wp-content\/uploads\/2020\/11\/hiiripollo-6124-2-768x543.jpg 768w\" sizes=\"auto, (max-width: 1200px) 100vw, 1200px\" \/><figcaption>Hiirip\u00f6ll\u00f6. Kuva Matti Alasaarela.<\/figcaption><\/figure>\n\n\n\n<!--nextpage-->\n\n\n\n<p>TIAISET<\/p>\n\n\n\n<figure class=\"wp-block-gallery columns-1 is-cropped wp-block-gallery-1 is-layout-flex wp-block-gallery-is-layout-flex\"><ul class=\"blocks-gallery-grid\"><li class=\"blocks-gallery-item\"><figure><a href=\"http:\/\/markkuu.fi\/wordpress\/?attachment_id=1371\"><img loading=\"lazy\" decoding=\"async\" width=\"1024\" height=\"724\" src=\"http:\/\/markkuu.fi\/wordpress\/wp-content\/uploads\/2020\/11\/toyhtotiainen-8316-1024x724.jpg\" alt=\"\" data-id=\"1371\" data-full-url=\"http:\/\/markkuu.fi\/wordpress\/wp-content\/uploads\/2020\/11\/toyhtotiainen-8316.jpg\" data-link=\"http:\/\/markkuu.fi\/wordpress\/?attachment_id=1371\" class=\"wp-image-1371\" srcset=\"https:\/\/markkuu.fi\/wordpress\/wp-content\/uploads\/2020\/11\/toyhtotiainen-8316-1024x724.jpg 1024w, https:\/\/markkuu.fi\/wordpress\/wp-content\/uploads\/2020\/11\/toyhtotiainen-8316-300x212.jpg 300w, https:\/\/markkuu.fi\/wordpress\/wp-content\/uploads\/2020\/11\/toyhtotiainen-8316-768x543.jpg 768w, https:\/\/markkuu.fi\/wordpress\/wp-content\/uploads\/2020\/11\/toyhtotiainen-8316.jpg 1200w\" sizes=\"auto, (max-width: 1024px) 100vw, 1024px\" \/><\/a><\/figure><\/li><li class=\"blocks-gallery-item\"><figure><a href=\"http:\/\/markkuu.fi\/wordpress\/?attachment_id=1370\"><img loading=\"lazy\" decoding=\"async\" width=\"1024\" height=\"724\" src=\"http:\/\/markkuu.fi\/wordpress\/wp-content\/uploads\/2020\/11\/talitiainen-5307-1024x724.jpg\" alt=\"\" data-id=\"1370\" data-full-url=\"http:\/\/markkuu.fi\/wordpress\/wp-content\/uploads\/2020\/11\/talitiainen-5307.jpg\" data-link=\"http:\/\/markkuu.fi\/wordpress\/?attachment_id=1370\" class=\"wp-image-1370\" srcset=\"https:\/\/markkuu.fi\/wordpress\/wp-content\/uploads\/2020\/11\/talitiainen-5307-1024x724.jpg 1024w, https:\/\/markkuu.fi\/wordpress\/wp-content\/uploads\/2020\/11\/talitiainen-5307-300x212.jpg 300w, https:\/\/markkuu.fi\/wordpress\/wp-content\/uploads\/2020\/11\/talitiainen-5307-768x543.jpg 768w, https:\/\/markkuu.fi\/wordpress\/wp-content\/uploads\/2020\/11\/talitiainen-5307.jpg 1200w\" sizes=\"auto, (max-width: 1024px) 100vw, 1024px\" \/><\/a><\/figure><\/li><li class=\"blocks-gallery-item\"><figure><a href=\"http:\/\/markkuu.fi\/wordpress\/?attachment_id=1372\"><img loading=\"lazy\" decoding=\"async\" width=\"1024\" height=\"724\" src=\"http:\/\/markkuu.fi\/wordpress\/wp-content\/uploads\/2020\/11\/sinitiainen-7080-1024x724.jpg\" alt=\"\" data-id=\"1372\" data-full-url=\"http:\/\/markkuu.fi\/wordpress\/wp-content\/uploads\/2020\/11\/sinitiainen-7080.jpg\" data-link=\"http:\/\/markkuu.fi\/wordpress\/?attachment_id=1372\" class=\"wp-image-1372\" srcset=\"https:\/\/markkuu.fi\/wordpress\/wp-content\/uploads\/2020\/11\/sinitiainen-7080-1024x724.jpg 1024w, https:\/\/markkuu.fi\/wordpress\/wp-content\/uploads\/2020\/11\/sinitiainen-7080-300x212.jpg 300w, https:\/\/markkuu.fi\/wordpress\/wp-content\/uploads\/2020\/11\/sinitiainen-7080-768x543.jpg 768w, https:\/\/markkuu.fi\/wordpress\/wp-content\/uploads\/2020\/11\/sinitiainen-7080.jpg 1200w\" sizes=\"auto, (max-width: 1024px) 100vw, 1024px\" \/><\/a><\/figure><\/li><li class=\"blocks-gallery-item\"><figure><a href=\"http:\/\/markkuu.fi\/wordpress\/?attachment_id=1373\"><img loading=\"lazy\" decoding=\"async\" width=\"1024\" height=\"724\" src=\"http:\/\/markkuu.fi\/wordpress\/wp-content\/uploads\/2020\/11\/kuusitiainen-0911-1024x724.jpg\" alt=\"\" data-id=\"1373\" data-full-url=\"http:\/\/markkuu.fi\/wordpress\/wp-content\/uploads\/2020\/11\/kuusitiainen-0911.jpg\" data-link=\"http:\/\/markkuu.fi\/wordpress\/?attachment_id=1373\" class=\"wp-image-1373\" srcset=\"https:\/\/markkuu.fi\/wordpress\/wp-content\/uploads\/2020\/11\/kuusitiainen-0911-1024x724.jpg 1024w, https:\/\/markkuu.fi\/wordpress\/wp-content\/uploads\/2020\/11\/kuusitiainen-0911-300x212.jpg 300w, https:\/\/markkuu.fi\/wordpress\/wp-content\/uploads\/2020\/11\/kuusitiainen-0911-768x543.jpg 768w, https:\/\/markkuu.fi\/wordpress\/wp-content\/uploads\/2020\/11\/kuusitiainen-0911.jpg 1200w\" sizes=\"auto, (max-width: 1024px) 100vw, 1024px\" \/><\/a><\/figure><\/li><li class=\"blocks-gallery-item\"><figure><a href=\"http:\/\/markkuu.fi\/wordpress\/?attachment_id=1374\"><img loading=\"lazy\" decoding=\"async\" width=\"1024\" height=\"724\" src=\"http:\/\/markkuu.fi\/wordpress\/wp-content\/uploads\/2020\/11\/homotiainen-3141-1024x724.jpg\" alt=\"\" data-id=\"1374\" data-full-url=\"http:\/\/markkuu.fi\/wordpress\/wp-content\/uploads\/2020\/11\/homotiainen-3141.jpg\" data-link=\"http:\/\/markkuu.fi\/wordpress\/?attachment_id=1374\" class=\"wp-image-1374\" srcset=\"https:\/\/markkuu.fi\/wordpress\/wp-content\/uploads\/2020\/11\/homotiainen-3141-1024x724.jpg 1024w, https:\/\/markkuu.fi\/wordpress\/wp-content\/uploads\/2020\/11\/homotiainen-3141-300x212.jpg 300w, https:\/\/markkuu.fi\/wordpress\/wp-content\/uploads\/2020\/11\/homotiainen-3141-768x543.jpg 768w, https:\/\/markkuu.fi\/wordpress\/wp-content\/uploads\/2020\/11\/homotiainen-3141.jpg 1200w\" sizes=\"auto, (max-width: 1024px) 100vw, 1024px\" \/><\/a><\/figure><\/li><\/ul><figcaption class=\"blocks-gallery-caption\">Luontopolun lahopuusto tarjoaa erinomaisen elinymp\u00e4rist\u00f6n erilaisille tiaisille.<\/figcaption><\/figure>\n\n\n\n<!--nextpage-->\n\n\n\n<figure class=\"wp-block-gallery columns-2 is-cropped wp-block-gallery-2 is-layout-flex wp-block-gallery-is-layout-flex\"><ul class=\"blocks-gallery-grid\"><li class=\"blocks-gallery-item\"><figure><a href=\"http:\/\/markkuu.fi\/wordpress\/?attachment_id=1382\"><img loading=\"lazy\" decoding=\"async\" width=\"1024\" height=\"724\" src=\"http:\/\/markkuu.fi\/wordpress\/wp-content\/uploads\/2020\/11\/peukaloinen-4381-1024x724.jpg\" alt=\"\" data-id=\"1382\" data-full-url=\"http:\/\/markkuu.fi\/wordpress\/wp-content\/uploads\/2020\/11\/peukaloinen-4381.jpg\" data-link=\"http:\/\/markkuu.fi\/wordpress\/?attachment_id=1382\" class=\"wp-image-1382\" srcset=\"https:\/\/markkuu.fi\/wordpress\/wp-content\/uploads\/2020\/11\/peukaloinen-4381-1024x724.jpg 1024w, https:\/\/markkuu.fi\/wordpress\/wp-content\/uploads\/2020\/11\/peukaloinen-4381-300x212.jpg 300w, https:\/\/markkuu.fi\/wordpress\/wp-content\/uploads\/2020\/11\/peukaloinen-4381-768x543.jpg 768w, https:\/\/markkuu.fi\/wordpress\/wp-content\/uploads\/2020\/11\/peukaloinen-4381.jpg 1200w\" sizes=\"auto, (max-width: 1024px) 100vw, 1024px\" \/><\/a><figcaption class=\"blocks-gallery-item__caption\">Peukaloinen<\/figcaption><\/figure><\/li><li class=\"blocks-gallery-item\"><figure><a href=\"http:\/\/markkuu.fi\/wordpress\/?attachment_id=1378\"><img loading=\"lazy\" decoding=\"async\" width=\"1024\" height=\"724\" src=\"http:\/\/markkuu.fi\/wordpress\/wp-content\/uploads\/2020\/11\/metsakirvinen-8951-1024x724.jpg\" alt=\"\" data-id=\"1378\" data-full-url=\"http:\/\/markkuu.fi\/wordpress\/wp-content\/uploads\/2020\/11\/metsakirvinen-8951.jpg\" data-link=\"http:\/\/markkuu.fi\/wordpress\/?attachment_id=1378\" class=\"wp-image-1378\" srcset=\"https:\/\/markkuu.fi\/wordpress\/wp-content\/uploads\/2020\/11\/metsakirvinen-8951-1024x724.jpg 1024w, https:\/\/markkuu.fi\/wordpress\/wp-content\/uploads\/2020\/11\/metsakirvinen-8951-300x212.jpg 300w, https:\/\/markkuu.fi\/wordpress\/wp-content\/uploads\/2020\/11\/metsakirvinen-8951-768x543.jpg 768w, https:\/\/markkuu.fi\/wordpress\/wp-content\/uploads\/2020\/11\/metsakirvinen-8951.jpg 1200w\" sizes=\"auto, (max-width: 1024px) 100vw, 1024px\" \/><\/a><\/figure><\/li><li class=\"blocks-gallery-item\"><figure><a href=\"http:\/\/markkuu.fi\/wordpress\/?attachment_id=1380\"><img loading=\"lazy\" decoding=\"async\" width=\"1024\" height=\"724\" src=\"http:\/\/markkuu.fi\/wordpress\/wp-content\/uploads\/2020\/11\/punatulkku-1603-1024x724.jpg\" alt=\"\" data-id=\"1380\" data-full-url=\"http:\/\/markkuu.fi\/wordpress\/wp-content\/uploads\/2020\/11\/punatulkku-1603.jpg\" data-link=\"http:\/\/markkuu.fi\/wordpress\/?attachment_id=1380\" class=\"wp-image-1380\" srcset=\"https:\/\/markkuu.fi\/wordpress\/wp-content\/uploads\/2020\/11\/punatulkku-1603-1024x724.jpg 1024w, https:\/\/markkuu.fi\/wordpress\/wp-content\/uploads\/2020\/11\/punatulkku-1603-300x212.jpg 300w, https:\/\/markkuu.fi\/wordpress\/wp-content\/uploads\/2020\/11\/punatulkku-1603-768x543.jpg 768w, https:\/\/markkuu.fi\/wordpress\/wp-content\/uploads\/2020\/11\/punatulkku-1603.jpg 1200w\" sizes=\"auto, (max-width: 1024px) 100vw, 1024px\" \/><\/a><figcaption class=\"blocks-gallery-item__caption\">Punatulkku<\/figcaption><\/figure><\/li><li class=\"blocks-gallery-item\"><figure><a href=\"http:\/\/markkuu.fi\/wordpress\/?attachment_id=1379\"><img loading=\"lazy\" decoding=\"async\" width=\"1024\" height=\"724\" src=\"http:\/\/markkuu.fi\/wordpress\/wp-content\/uploads\/2020\/11\/leppalintu-7095-1024x724.jpg\" alt=\"\" data-id=\"1379\" data-full-url=\"http:\/\/markkuu.fi\/wordpress\/wp-content\/uploads\/2020\/11\/leppalintu-7095.jpg\" data-link=\"http:\/\/markkuu.fi\/wordpress\/?attachment_id=1379\" class=\"wp-image-1379\" srcset=\"https:\/\/markkuu.fi\/wordpress\/wp-content\/uploads\/2020\/11\/leppalintu-7095-1024x724.jpg 1024w, https:\/\/markkuu.fi\/wordpress\/wp-content\/uploads\/2020\/11\/leppalintu-7095-300x212.jpg 300w, https:\/\/markkuu.fi\/wordpress\/wp-content\/uploads\/2020\/11\/leppalintu-7095-768x543.jpg 768w, https:\/\/markkuu.fi\/wordpress\/wp-content\/uploads\/2020\/11\/leppalintu-7095.jpg 1200w\" sizes=\"auto, (max-width: 1024px) 100vw, 1024px\" \/><\/a><\/figure><\/li><\/ul><\/figure>\n\n\n\n<p>TIKAT<\/p>\n\n\n\n<figure class=\"wp-block-gallery columns-3 is-cropped wp-block-gallery-3 is-layout-flex wp-block-gallery-is-layout-flex\"><ul class=\"blocks-gallery-grid\"><li class=\"blocks-gallery-item\"><figure><a href=\"http:\/\/markkuu.fi\/wordpress\/?attachment_id=1375\"><img loading=\"lazy\" decoding=\"async\" width=\"1024\" height=\"724\" src=\"http:\/\/markkuu.fi\/wordpress\/wp-content\/uploads\/2020\/11\/palokarki-4448-1024x724.jpg\" alt=\"\" data-id=\"1375\" data-full-url=\"http:\/\/markkuu.fi\/wordpress\/wp-content\/uploads\/2020\/11\/palokarki-4448.jpg\" data-link=\"http:\/\/markkuu.fi\/wordpress\/?attachment_id=1375\" class=\"wp-image-1375\" srcset=\"https:\/\/markkuu.fi\/wordpress\/wp-content\/uploads\/2020\/11\/palokarki-4448-1024x724.jpg 1024w, https:\/\/markkuu.fi\/wordpress\/wp-content\/uploads\/2020\/11\/palokarki-4448-300x212.jpg 300w, https:\/\/markkuu.fi\/wordpress\/wp-content\/uploads\/2020\/11\/palokarki-4448-768x543.jpg 768w, https:\/\/markkuu.fi\/wordpress\/wp-content\/uploads\/2020\/11\/palokarki-4448.jpg 1200w\" sizes=\"auto, (max-width: 1024px) 100vw, 1024px\" \/><\/a><\/figure><\/li><li class=\"blocks-gallery-item\"><figure><a href=\"http:\/\/markkuu.fi\/wordpress\/?attachment_id=1376\"><img loading=\"lazy\" decoding=\"async\" width=\"1024\" height=\"724\" src=\"http:\/\/markkuu.fi\/wordpress\/wp-content\/uploads\/2020\/11\/kapytikka-8997-1024x724.jpg\" alt=\"\" data-id=\"1376\" data-full-url=\"http:\/\/markkuu.fi\/wordpress\/wp-content\/uploads\/2020\/11\/kapytikka-8997.jpg\" data-link=\"http:\/\/markkuu.fi\/wordpress\/?attachment_id=1376\" class=\"wp-image-1376\" srcset=\"https:\/\/markkuu.fi\/wordpress\/wp-content\/uploads\/2020\/11\/kapytikka-8997-1024x724.jpg 1024w, https:\/\/markkuu.fi\/wordpress\/wp-content\/uploads\/2020\/11\/kapytikka-8997-300x212.jpg 300w, https:\/\/markkuu.fi\/wordpress\/wp-content\/uploads\/2020\/11\/kapytikka-8997-768x543.jpg 768w, https:\/\/markkuu.fi\/wordpress\/wp-content\/uploads\/2020\/11\/kapytikka-8997.jpg 1200w\" sizes=\"auto, (max-width: 1024px) 100vw, 1024px\" \/><\/a><\/figure><\/li><li class=\"blocks-gallery-item\"><figure><a href=\"http:\/\/markkuu.fi\/wordpress\/?attachment_id=1377\"><img loading=\"lazy\" decoding=\"async\" width=\"887\" height=\"1024\" src=\"http:\/\/markkuu.fi\/wordpress\/wp-content\/uploads\/2020\/11\/harmaapaatikka-0087-1-887x1024.jpg\" alt=\"\" data-id=\"1377\" data-full-url=\"http:\/\/markkuu.fi\/wordpress\/wp-content\/uploads\/2020\/11\/harmaapaatikka-0087-1.jpg\" data-link=\"http:\/\/markkuu.fi\/wordpress\/?attachment_id=1377\" class=\"wp-image-1377\" srcset=\"https:\/\/markkuu.fi\/wordpress\/wp-content\/uploads\/2020\/11\/harmaapaatikka-0087-1-887x1024.jpg 887w, https:\/\/markkuu.fi\/wordpress\/wp-content\/uploads\/2020\/11\/harmaapaatikka-0087-1-260x300.jpg 260w, https:\/\/markkuu.fi\/wordpress\/wp-content\/uploads\/2020\/11\/harmaapaatikka-0087-1-768x886.jpg 768w, https:\/\/markkuu.fi\/wordpress\/wp-content\/uploads\/2020\/11\/harmaapaatikka-0087-1.jpg 936w\" sizes=\"auto, (max-width: 887px) 100vw, 887px\" \/><\/a><\/figure><\/li><\/ul><\/figure>\n\n\n\n<!--nextpage-->\n\n\n\n<figure class=\"wp-block-gallery columns-1 is-cropped wp-block-gallery-4 is-layout-flex wp-block-gallery-is-layout-flex\"><ul class=\"blocks-gallery-grid\"><li class=\"blocks-gallery-item\"><figure><a href=\"http:\/\/markkuu.fi\/wordpress\/?attachment_id=1387\"><img loading=\"lazy\" decoding=\"async\" width=\"1024\" height=\"724\" src=\"http:\/\/markkuu.fi\/wordpress\/wp-content\/uploads\/2020\/11\/joutsen-6030-1024x724.jpg\" alt=\"\" data-id=\"1387\" data-full-url=\"http:\/\/markkuu.fi\/wordpress\/wp-content\/uploads\/2020\/11\/joutsen-6030.jpg\" data-link=\"http:\/\/markkuu.fi\/wordpress\/?attachment_id=1387\" class=\"wp-image-1387\" srcset=\"https:\/\/markkuu.fi\/wordpress\/wp-content\/uploads\/2020\/11\/joutsen-6030-1024x724.jpg 1024w, https:\/\/markkuu.fi\/wordpress\/wp-content\/uploads\/2020\/11\/joutsen-6030-300x212.jpg 300w, https:\/\/markkuu.fi\/wordpress\/wp-content\/uploads\/2020\/11\/joutsen-6030-768x543.jpg 768w, https:\/\/markkuu.fi\/wordpress\/wp-content\/uploads\/2020\/11\/joutsen-6030.jpg 1200w\" sizes=\"auto, (max-width: 1024px) 100vw, 1024px\" \/><\/a><\/figure><\/li><li class=\"blocks-gallery-item\"><figure><a href=\"http:\/\/markkuu.fi\/wordpress\/?attachment_id=1384\"><img loading=\"lazy\" decoding=\"async\" width=\"1024\" height=\"724\" src=\"http:\/\/markkuu.fi\/wordpress\/wp-content\/uploads\/2020\/11\/joutsen-5991-1024x724.jpg\" alt=\"\" data-id=\"1384\" data-full-url=\"http:\/\/markkuu.fi\/wordpress\/wp-content\/uploads\/2020\/11\/joutsen-5991.jpg\" data-link=\"http:\/\/markkuu.fi\/wordpress\/?attachment_id=1384\" class=\"wp-image-1384\" srcset=\"https:\/\/markkuu.fi\/wordpress\/wp-content\/uploads\/2020\/11\/joutsen-5991-1024x724.jpg 1024w, https:\/\/markkuu.fi\/wordpress\/wp-content\/uploads\/2020\/11\/joutsen-5991-300x212.jpg 300w, https:\/\/markkuu.fi\/wordpress\/wp-content\/uploads\/2020\/11\/joutsen-5991-768x543.jpg 768w, https:\/\/markkuu.fi\/wordpress\/wp-content\/uploads\/2020\/11\/joutsen-5991.jpg 1200w\" sizes=\"auto, (max-width: 1024px) 100vw, 1024px\" \/><\/a><\/figure><\/li><li class=\"blocks-gallery-item\"><figure><a href=\"http:\/\/markkuu.fi\/wordpress\/?attachment_id=1386\"><img loading=\"lazy\" decoding=\"async\" width=\"1024\" height=\"724\" src=\"http:\/\/markkuu.fi\/wordpress\/wp-content\/uploads\/2020\/11\/kurki-4110-1024x724.jpg\" alt=\"\" data-id=\"1386\" data-full-url=\"http:\/\/markkuu.fi\/wordpress\/wp-content\/uploads\/2020\/11\/kurki-4110.jpg\" data-link=\"http:\/\/markkuu.fi\/wordpress\/?attachment_id=1386\" class=\"wp-image-1386\" srcset=\"https:\/\/markkuu.fi\/wordpress\/wp-content\/uploads\/2020\/11\/kurki-4110-1024x724.jpg 1024w, https:\/\/markkuu.fi\/wordpress\/wp-content\/uploads\/2020\/11\/kurki-4110-300x212.jpg 300w, https:\/\/markkuu.fi\/wordpress\/wp-content\/uploads\/2020\/11\/kurki-4110-768x543.jpg 768w, https:\/\/markkuu.fi\/wordpress\/wp-content\/uploads\/2020\/11\/kurki-4110.jpg 1200w\" sizes=\"auto, (max-width: 1024px) 100vw, 1024px\" \/><\/a><\/figure><\/li><li class=\"blocks-gallery-item\"><figure><a href=\"http:\/\/markkuu.fi\/wordpress\/?attachment_id=1385\"><img loading=\"lazy\" decoding=\"async\" width=\"1024\" height=\"724\" src=\"http:\/\/markkuu.fi\/wordpress\/wp-content\/uploads\/2020\/11\/kurki-4637-1024x724.jpg\" alt=\"\" data-id=\"1385\" data-full-url=\"http:\/\/markkuu.fi\/wordpress\/wp-content\/uploads\/2020\/11\/kurki-4637.jpg\" data-link=\"http:\/\/markkuu.fi\/wordpress\/?attachment_id=1385\" class=\"wp-image-1385\" srcset=\"https:\/\/markkuu.fi\/wordpress\/wp-content\/uploads\/2020\/11\/kurki-4637-1024x724.jpg 1024w, https:\/\/markkuu.fi\/wordpress\/wp-content\/uploads\/2020\/11\/kurki-4637-300x212.jpg 300w, https:\/\/markkuu.fi\/wordpress\/wp-content\/uploads\/2020\/11\/kurki-4637-768x543.jpg 768w, https:\/\/markkuu.fi\/wordpress\/wp-content\/uploads\/2020\/11\/kurki-4637.jpg 1200w\" sizes=\"auto, (max-width: 1024px) 100vw, 1024px\" \/><\/a><\/figure><\/li><\/ul><\/figure>\n","protected":false},"excerpt":{"rendered":"<p>Markkuun luontopolun ja sen l\u00e4hiymp\u00e4rist\u00f6n linnusto yll\u00e4tt\u00e4\u00e4 monipuolisuudellaan. Rehev\u00e4t vesist\u00f6jen varret ja runsas lahopuusto tarjoaa erinomaiset elinolosuhteet kolopesij\u00f6ille, esimerkiksi t\u00f6yht\u00f6tiaisille ja p\u00f6ll\u00f6ille. T\u00e4m\u00e4n sivuston kuvat ovat hyv\u00e4n yhteisty\u00f6kumppanimme, lintu- ja luontokuvaaja Matti Alasaarelan k\u00e4sialaa. Matti saa kuvissaan hienosti esiin lintujen ominaispiirteet ja ilmeet. Ole hyv\u00e4 ja nauti upeista kuvista! P\u00d6LL\u00d6T<\/p>\n","protected":false},"author":2,"featured_media":0,"parent":85,"menu_order":1,"comment_status":"closed","ping_status":"closed","template":"","meta":{"footnotes":""},"class_list":["post-1315","page","type-page","status-publish","hentry"],"_links":{"self":[{"href":"https:\/\/markkuu.fi\/wordpress\/index.php?rest_route=\/wp\/v2\/pages\/1315","targetHints":{"allow":["GET"]}}],"collection":[{"href":"https:\/\/markkuu.fi\/wordpress\/index.php?rest_route=\/wp\/v2\/pages"}],"about":[{"href":"https:\/\/markkuu.fi\/wordpress\/index.php?rest_route=\/wp\/v2\/types\/page"}],"author":[{"embeddable":true,"href":"https:\/\/markkuu.fi\/wordpress\/index.php?rest_route=\/wp\/v2\/users\/2"}],"replies":[{"embeddable":true,"href":"https:\/\/markkuu.fi\/wordpress\/index.php?rest_route=%2Fwp%2Fv2%2Fcomments&post=1315"}],"version-history":[{"count":7,"href":"https:\/\/markkuu.fi\/wordpress\/index.php?rest_route=\/wp\/v2\/pages\/1315\/revisions"}],"predecessor-version":[{"id":1393,"href":"https:\/\/markkuu.fi\/wordpress\/index.php?rest_route=\/wp\/v2\/pages\/1315\/revisions\/1393"}],"up":[{"embeddable":true,"href":"https:\/\/markkuu.fi\/wordpress\/index.php?rest_route=\/wp\/v2\/pages\/85"}],"wp:attachment":[{"href":"https:\/\/markkuu.fi\/wordpress\/index.php?rest_route=%2Fwp%2Fv2%2Fmedia&parent=1315"}],"curies":[{"name":"wp","href":"https:\/\/api.w.org\/{rel}","templated":true}]}}