{"id":1330,"date":"2020-10-17T16:38:48","date_gmt":"2020-10-17T13:38:48","guid":{"rendered":"http:\/\/markkuu.fi\/wordpress\/?page_id=1330"},"modified":"2021-02-10T20:51:57","modified_gmt":"2021-02-10T18:51:57","slug":"markkuu-disc-golf-park","status":"publish","type":"page","link":"https:\/\/markkuu.fi\/wordpress\/?page_id=1330","title":{"rendered":"MARKKUU DISC GOLF PARK"},"content":{"rendered":"\n<p>Markkuu DiscGolfPark soveltuu kaikille frisbeegolf -harrastajille ja tarjoaa erityisesti lajia pidemp\u00e4\u00e4n harrastaneille uusia haasteita. 9 -v\u00e4yl\u00e4inen rata on toteutettu ensimm\u00e4st\u00e4 v\u00e4yl\u00e4\u00e4 lukuunottamatta yksityisten maanomistajien omistamille kiinteist\u00f6ille. Maanomistajille kuuluukin suurin kiitos t\u00e4m\u00e4n kaiken ik\u00e4isille sopivan, matalan kynnyksen liikuntaharrastuksen mahdollistamisesta. Radan ovat suunnitelleet Arto Laurila ja <a rel=\"noreferrer noopener\" href=\"https:\/\/www.discgolfpark.com\/fi\/designer\/erno-vayrynen\/\" target=\"_blank\">Erno V\u00e4yrynen<\/a> .<\/p>\n\n\n\n<p>Ratakartan voit ladata t\u00e4\u00e4lt\u00e4:<\/p>\n\n\n\n<div class=\"wp-block-file\"><a href=\"http:\/\/markkuu.fi\/wordpress\/wp-content\/uploads\/2020\/07\/Markkuu-DiscGolfPark-opastetaulu-29072020.jpg\">Markkuu DiscGolfPark<\/a><a href=\"http:\/\/markkuu.fi\/wordpress\/wp-content\/uploads\/2020\/07\/Markkuu-DiscGolfPark-opastetaulu-29072020.jpg\" class=\"wp-block-file__button\" download>Download<\/a><\/div>\n\n\n\n<figure class=\"wp-block-image size-large\"><a href=\"http:\/\/markkuu.fi\/wordpress\/wp-content\/uploads\/2020\/07\/Markkuu-DiscGolfPark-opastetaulu-29072020.jpg\"><img loading=\"lazy\" decoding=\"async\" width=\"1024\" height=\"656\" src=\"http:\/\/markkuu.fi\/wordpress\/wp-content\/uploads\/2020\/07\/Markkuu-DiscGolfPark-opastetaulu-29072020-1024x656.jpg\" alt=\"\" class=\"wp-image-1300\" srcset=\"https:\/\/markkuu.fi\/wordpress\/wp-content\/uploads\/2020\/07\/Markkuu-DiscGolfPark-opastetaulu-29072020-1024x656.jpg 1024w, https:\/\/markkuu.fi\/wordpress\/wp-content\/uploads\/2020\/07\/Markkuu-DiscGolfPark-opastetaulu-29072020-300x192.jpg 300w, https:\/\/markkuu.fi\/wordpress\/wp-content\/uploads\/2020\/07\/Markkuu-DiscGolfPark-opastetaulu-29072020-768x492.jpg 768w, https:\/\/markkuu.fi\/wordpress\/wp-content\/uploads\/2020\/07\/Markkuu-DiscGolfPark-opastetaulu-29072020.jpg 1512w\" sizes=\"auto, (max-width: 1024px) 100vw, 1024px\" \/><\/a><\/figure>\n\n\n\n<p><\/p>\n\n\n\n<p>Frisbeegolfrata toteutettiin vuonna 2020 osana Nouseva rannikkoseutu ry:n rahoittamaa Mahdollisuuksien Markkuu -hanketta. Rata toteutettiin nuorison toiveesta ja he my\u00f6s osallistuivat aktiivisesti ratatalkoisiin. L\u00e4mmin kiitos kaikille talkoolaisille!  <\/p>\n","protected":false},"excerpt":{"rendered":"<p>Markkuu DiscGolfPark soveltuu kaikille frisbeegolf -harrastajille ja tarjoaa erityisesti lajia pidemp\u00e4\u00e4n harrastaneille uusia haasteita. 9 -v\u00e4yl\u00e4inen rata on toteutettu ensimm\u00e4st\u00e4 v\u00e4yl\u00e4\u00e4 lukuunottamatta yksityisten maanomistajien omistamille kiinteist\u00f6ille. Maanomistajille kuuluukin suurin kiitos t\u00e4m\u00e4n kaiken ik\u00e4isille sopivan, matalan kynnyksen liikuntaharrastuksen mahdollistamisesta. Radan ovat suunnitelleet Arto Laurila ja Erno V\u00e4yrynen . Ratakartan voit ladata t\u00e4\u00e4lt\u00e4: Frisbeegolfrata toteutettiin vuonna 2020 &hellip; <a href=\"https:\/\/markkuu.fi\/wordpress\/?page_id=1330\" class=\"more-link\">Jatka lukemista <span class=\"screen-reader-text\">MARKKUU DISC GOLF PARK<\/span> <span class=\"meta-nav\">&rarr;<\/span><\/a><\/p>\n","protected":false},"author":2,"featured_media":0,"parent":82,"menu_order":2,"comment_status":"closed","ping_status":"closed","template":"","meta":{"footnotes":""},"class_list":["post-1330","page","type-page","status-publish","hentry"],"_links":{"self":[{"href":"https:\/\/markkuu.fi\/wordpress\/index.php?rest_route=\/wp\/v2\/pages\/1330","targetHints":{"allow":["GET"]}}],"collection":[{"href":"https:\/\/markkuu.fi\/wordpress\/index.php?rest_route=\/wp\/v2\/pages"}],"about":[{"href":"https:\/\/markkuu.fi\/wordpress\/index.php?rest_route=\/wp\/v2\/types\/page"}],"author":[{"embeddable":true,"href":"https:\/\/markkuu.fi\/wordpress\/index.php?rest_route=\/wp\/v2\/users\/2"}],"replies":[{"embeddable":true,"href":"https:\/\/markkuu.fi\/wordpress\/index.php?rest_route=%2Fwp%2Fv2%2Fcomments&post=1330"}],"version-history":[{"count":5,"href":"https:\/\/markkuu.fi\/wordpress\/index.php?rest_route=\/wp\/v2\/pages\/1330\/revisions"}],"predecessor-version":[{"id":1422,"href":"https:\/\/markkuu.fi\/wordpress\/index.php?rest_route=\/wp\/v2\/pages\/1330\/revisions\/1422"}],"up":[{"embeddable":true,"href":"https:\/\/markkuu.fi\/wordpress\/index.php?rest_route=\/wp\/v2\/pages\/82"}],"wp:attachment":[{"href":"https:\/\/markkuu.fi\/wordpress\/index.php?rest_route=%2Fwp%2Fv2%2Fmedia&parent=1330"}],"curies":[{"name":"wp","href":"https:\/\/api.w.org\/{rel}","templated":true}]}}