{"id":1677,"date":"2025-06-07T20:48:59","date_gmt":"2025-06-07T17:48:59","guid":{"rendered":"https:\/\/markkuu.fi\/wordpress\/?page_id=1677"},"modified":"2025-12-01T20:47:07","modified_gmt":"2025-12-01T18:47:07","slug":"palon-lammaslaitumen-kunnostus-hanke","status":"publish","type":"page","link":"https:\/\/markkuu.fi\/wordpress\/?page_id=1677","title":{"rendered":"Palon lammaslaitumen kunnostus -hanke 2024-2026"},"content":{"rendered":"\n<blockquote class=\"wp-block-quote is-layout-flow wp-block-quote-is-layout-flow\">\n<p>Hoidon tavoitteena on palauttaa perinteisen karjatalouden luomia maisemia, arvokkaita elinymp\u00e4rist\u00f6j\u00e4 ja niiden monimuotoista lajistoa sek\u00e4 luoda uusia el\u00e4myksi\u00e4 luontopolulla liikkuville.<\/p>\n<\/blockquote>\n\n\n\n<p>Kyl\u00e4yhdistys sai kev\u00e4\u00e4ll\u00e4 2024 hakemansa Kunta- ja j\u00e4rjest\u00f6-Helmi rahoituksen Palon lammaslaitumen kunnostus -hankkeeseen. Rahoituksen avulla kunnostetaan Markkuun luontopolun varrella vanhan Palon tilan entisi\u00e4 niitty- ja laidunmaita kota-alueen ymp\u00e4rist\u00f6ss\u00e4. Alue kuuluu valtakunnallisesti arvokkaaseen Limingan lakeuden kulttuurimaisemaan ja osa alueesta on ELY-keskuksen inventoinneissa luokiteltu paikallisesti arvokkaaksi perinnemaisemaksi. <\/p>\n\n\n\n<figure class=\"wp-block-image size-large\"><a href=\"https:\/\/markkuu.fi\/wordpress\/wp-content\/uploads\/2025\/06\/Palon-lammaslaitumen-kunnostushankkeen-talkoot-joulukuu-2024.jpg\"><img loading=\"lazy\" decoding=\"async\" width=\"1024\" height=\"691\" src=\"https:\/\/markkuu.fi\/wordpress\/wp-content\/uploads\/2025\/06\/Palon-lammaslaitumen-kunnostushankkeen-talkoot-joulukuu-2024-1024x691.jpg\" alt=\"\" class=\"wp-image-1678\" srcset=\"https:\/\/markkuu.fi\/wordpress\/wp-content\/uploads\/2025\/06\/Palon-lammaslaitumen-kunnostushankkeen-talkoot-joulukuu-2024-1024x691.jpg 1024w, https:\/\/markkuu.fi\/wordpress\/wp-content\/uploads\/2025\/06\/Palon-lammaslaitumen-kunnostushankkeen-talkoot-joulukuu-2024-300x202.jpg 300w, https:\/\/markkuu.fi\/wordpress\/wp-content\/uploads\/2025\/06\/Palon-lammaslaitumen-kunnostushankkeen-talkoot-joulukuu-2024-768x518.jpg 768w, https:\/\/markkuu.fi\/wordpress\/wp-content\/uploads\/2025\/06\/Palon-lammaslaitumen-kunnostushankkeen-talkoot-joulukuu-2024.jpg 1167w\" sizes=\"auto, (max-width: 1024px) 100vw, 1024px\" \/><\/a><figcaption class=\"wp-element-caption\">Palon lammaslaitumen alueella talkoiltiin joulukuussa 2024. Kuva Marika Laurila.<\/figcaption><\/figure>\n\n\n\n<p>Lammaslaidunnus on tavoitteena aloittaa kes\u00e4ll\u00e4 2026 alueelle haettavan ymp\u00e4rist\u00f6sopimuksen tuella. Hoidon tavoitteena on palauttaa perinteisen karjatalouden luomia maisemia, arvokkaita elinymp\u00e4rist\u00f6j\u00e4 ja niiden monimuotoista lajistoa sek\u00e4 luoda uusia el\u00e4myksi\u00e4 luontopolulla liikkuville.<\/p>\n\n\n\n<p>Kunnostettava alue on pinta-alaltaan noin kaksi hehtaaria. Se alkaa puolisen kilometri\u00e4 luontopolun l\u00e4ht\u00f6pisteest\u00e4, 1. sillan kohdalta ja jatkuu l\u00e4helle riippusiltaa. Kohde sijoittuu luontopolun ja joen v\u00e4liseen maastoon. Raivauksissa poistetaan pensaikkoa tehden tilaa niittykasvillisuudelle ja helpottaen lampaiden liikkumista alueella. Varttuneempi puusto ja lahopuustoa s\u00e4ilytet\u00e4\u00e4n yll\u00e4pit\u00e4m\u00e4\u00e4n monimuotoista elinymp\u00e4rist\u00f6\u00e4 ja maisemaa. Ymp\u00e4rist\u00f6ministeri\u00f6n Helmi-elinymp\u00e4rist\u00f6ohjelmasta my\u00f6nnetyll\u00e4 rahoituksella toteutetaan my\u00f6s lammasaitauksen rakentaminen. Kunnostushankkeen ty\u00f6t valmistuvat lokakuun 2025 loppuun menness\u00e4.<\/p>\n","protected":false},"excerpt":{"rendered":"<p>Hoidon tavoitteena on palauttaa perinteisen karjatalouden luomia maisemia, arvokkaita elinymp\u00e4rist\u00f6j\u00e4 ja niiden monimuotoista lajistoa sek\u00e4 luoda uusia el\u00e4myksi\u00e4 luontopolulla liikkuville. Kyl\u00e4yhdistys sai kev\u00e4\u00e4ll\u00e4 2024 hakemansa Kunta- ja j\u00e4rjest\u00f6-Helmi rahoituksen Palon lammaslaitumen kunnostus -hankkeeseen. Rahoituksen avulla kunnostetaan Markkuun luontopolun varrella vanhan Palon tilan entisi\u00e4 niitty- ja laidunmaita kota-alueen ymp\u00e4rist\u00f6ss\u00e4. Alue kuuluu valtakunnallisesti arvokkaaseen Limingan lakeuden kulttuurimaisemaan &hellip; <a href=\"https:\/\/markkuu.fi\/wordpress\/?page_id=1677\" class=\"more-link\">Jatka lukemista <span class=\"screen-reader-text\">Palon lammaslaitumen kunnostus -hanke 2024-2026<\/span> <span class=\"meta-nav\">&rarr;<\/span><\/a><\/p>\n","protected":false},"author":2,"featured_media":0,"parent":2,"menu_order":1,"comment_status":"closed","ping_status":"closed","template":"","meta":{"footnotes":""},"class_list":["post-1677","page","type-page","status-publish","hentry"],"_links":{"self":[{"href":"https:\/\/markkuu.fi\/wordpress\/index.php?rest_route=\/wp\/v2\/pages\/1677","targetHints":{"allow":["GET"]}}],"collection":[{"href":"https:\/\/markkuu.fi\/wordpress\/index.php?rest_route=\/wp\/v2\/pages"}],"about":[{"href":"https:\/\/markkuu.fi\/wordpress\/index.php?rest_route=\/wp\/v2\/types\/page"}],"author":[{"embeddable":true,"href":"https:\/\/markkuu.fi\/wordpress\/index.php?rest_route=\/wp\/v2\/users\/2"}],"replies":[{"embeddable":true,"href":"https:\/\/markkuu.fi\/wordpress\/index.php?rest_route=%2Fwp%2Fv2%2Fcomments&post=1677"}],"version-history":[{"count":4,"href":"https:\/\/markkuu.fi\/wordpress\/index.php?rest_route=\/wp\/v2\/pages\/1677\/revisions"}],"predecessor-version":[{"id":1705,"href":"https:\/\/markkuu.fi\/wordpress\/index.php?rest_route=\/wp\/v2\/pages\/1677\/revisions\/1705"}],"up":[{"embeddable":true,"href":"https:\/\/markkuu.fi\/wordpress\/index.php?rest_route=\/wp\/v2\/pages\/2"}],"wp:attachment":[{"href":"https:\/\/markkuu.fi\/wordpress\/index.php?rest_route=%2Fwp%2Fv2%2Fmedia&parent=1677"}],"curies":[{"name":"wp","href":"https:\/\/api.w.org\/{rel}","templated":true}]}}