{"id":1688,"date":"2025-06-07T21:35:38","date_gmt":"2025-06-07T18:35:38","guid":{"rendered":"https:\/\/markkuu.fi\/wordpress\/?page_id=1688"},"modified":"2025-06-07T21:37:08","modified_gmt":"2025-06-07T18:37:08","slug":"markkuun-luontopolun-partion-sillan-kunnostus-hanke","status":"publish","type":"page","link":"https:\/\/markkuu.fi\/wordpress\/?page_id=1688","title":{"rendered":"Markkuun luontopolun Partion sillan kunnostus -hanke 2024-2025"},"content":{"rendered":"\n<p>Kyl\u00e4n suositun p\u00e4iv\u00e4retkikohteen, Markkuun luontopolun, niin sanotun Partion sillan kunnostukseen tartuttiin syksyll\u00e4 2025. Silta oli vuosien saatossa menett\u00e4nyt korkeuttaan ja k\u00e4rsinyt tulvista joten sillan kunnostaminen oli luontopolun k\u00e4ytt\u00f6kelpoisuuden n\u00e4k\u00f6kulmasta v\u00e4ltt\u00e4m\u00e4t\u00f6nt\u00e4.<\/p>\n\n\n\n<figure class=\"wp-block-image size-large\"><a href=\"https:\/\/markkuu.fi\/wordpress\/wp-content\/uploads\/2025\/06\/Partion-sillan-kunnostus-Kurssin-paatostilanne.jpg\"><img loading=\"lazy\" decoding=\"async\" width=\"1024\" height=\"768\" src=\"https:\/\/markkuu.fi\/wordpress\/wp-content\/uploads\/2025\/06\/Partion-sillan-kunnostus-Kurssin-paatostilanne-1024x768.jpg\" alt=\"\" class=\"wp-image-1691\" srcset=\"https:\/\/markkuu.fi\/wordpress\/wp-content\/uploads\/2025\/06\/Partion-sillan-kunnostus-Kurssin-paatostilanne-1024x768.jpg 1024w, https:\/\/markkuu.fi\/wordpress\/wp-content\/uploads\/2025\/06\/Partion-sillan-kunnostus-Kurssin-paatostilanne-300x225.jpg 300w, https:\/\/markkuu.fi\/wordpress\/wp-content\/uploads\/2025\/06\/Partion-sillan-kunnostus-Kurssin-paatostilanne-768x576.jpg 768w, https:\/\/markkuu.fi\/wordpress\/wp-content\/uploads\/2025\/06\/Partion-sillan-kunnostus-Kurssin-paatostilanne-1536x1152.jpg 1536w, https:\/\/markkuu.fi\/wordpress\/wp-content\/uploads\/2025\/06\/Partion-sillan-kunnostus-Kurssin-paatostilanne.jpg 2016w\" sizes=\"auto, (max-width: 1024px) 100vw, 1024px\" \/><\/a><figcaption class=\"wp-element-caption\">Partion silta siltakurssin p\u00e4\u00e4ttyess\u00e4 22.9.2024. Kuva Mikko Rahkila.<\/figcaption><\/figure>\n\n\n\n<p>Partion sillan kunnostus toteutettiin p\u00e4\u00e4osin siltakurssina 20.-22.9.2024 yhteisty\u00f6ss\u00e4 Pohjan pioneerikillan kanssa. Pioneerikillan asiantuntijat toimivat siltakurssin vet\u00e4jin\u00e4 ja olivat my\u00f6s laatineet sillan kunnostussuunnitelman. Kyl\u00e4yhdistys huolehti talkoolaisten muonituksesta. \u00a0\u00a0<\/p>\n\n\n\n<div class=\"wp-block-media-text is-stacked-on-mobile\"><figure class=\"wp-block-media-text__media\"><img loading=\"lazy\" decoding=\"async\" width=\"768\" height=\"1024\" src=\"https:\/\/markkuu.fi\/wordpress\/wp-content\/uploads\/2025\/06\/Partion-sillan-kunnostus-paalutusta2-768x1024.jpg\" alt=\"\" class=\"wp-image-1692 size-full\" srcset=\"https:\/\/markkuu.fi\/wordpress\/wp-content\/uploads\/2025\/06\/Partion-sillan-kunnostus-paalutusta2-768x1024.jpg 768w, https:\/\/markkuu.fi\/wordpress\/wp-content\/uploads\/2025\/06\/Partion-sillan-kunnostus-paalutusta2-225x300.jpg 225w, https:\/\/markkuu.fi\/wordpress\/wp-content\/uploads\/2025\/06\/Partion-sillan-kunnostus-paalutusta2-1152x1536.jpg 1152w, https:\/\/markkuu.fi\/wordpress\/wp-content\/uploads\/2025\/06\/Partion-sillan-kunnostus-paalutusta2.jpg 1512w\" sizes=\"auto, (max-width: 768px) 100vw, 768px\" \/><\/figure><div class=\"wp-block-media-text__content\">\n<p>Siltakurssilla oli \u00a014 osallistujaa ja kunnostustoimiin osallistui my\u00f6s partiolippukunta Pohjolan Pirte\u00e4t ry. Haastavan maaston vuoksi siltapaikalla ei voitu k\u00e4ytt\u00e4\u00e4 kaivinkonetta eik\u00e4 juuri muutakaan konevoimaa, joten kunnostus tehtiin l\u00e4hes 100 %:sti miesty\u00f6voimin. Talkooty\u00f6tunteja kurssin aikana kertyi yhteens\u00e4 403 tuntia. <\/p>\n<\/div><\/div>\n\n\n\n<p><\/p>\n\n\n\n<p>Markkuun luontopolun Partion sillan kunnostus -hankkeelle on my\u00f6nnetty EU:n maaseuturahoitusta Leader -ryhm\u00e4lt\u00e4 Nouseva rannikkoseutu ry. <\/p>\n\n\n\n<figure class=\"wp-block-gallery has-nested-images columns-default is-cropped wp-block-gallery-1 is-layout-flex wp-block-gallery-is-layout-flex\">\n<figure class=\"wp-block-image size-large\"><a href=\"https:\/\/markkuu.fi\/wordpress\/wp-content\/uploads\/2025\/06\/FI-Euroopan-unionin-osarahoittama-2-scaled.jpg\"><img loading=\"lazy\" decoding=\"async\" width=\"1024\" height=\"215\" data-id=\"1689\" src=\"https:\/\/markkuu.fi\/wordpress\/wp-content\/uploads\/2025\/06\/FI-Euroopan-unionin-osarahoittama-2-1024x215.jpg\" alt=\"\" class=\"wp-image-1689\" srcset=\"https:\/\/markkuu.fi\/wordpress\/wp-content\/uploads\/2025\/06\/FI-Euroopan-unionin-osarahoittama-2-1024x215.jpg 1024w, https:\/\/markkuu.fi\/wordpress\/wp-content\/uploads\/2025\/06\/FI-Euroopan-unionin-osarahoittama-2-300x63.jpg 300w, https:\/\/markkuu.fi\/wordpress\/wp-content\/uploads\/2025\/06\/FI-Euroopan-unionin-osarahoittama-2-768x161.jpg 768w, https:\/\/markkuu.fi\/wordpress\/wp-content\/uploads\/2025\/06\/FI-Euroopan-unionin-osarahoittama-2-1536x322.jpg 1536w, https:\/\/markkuu.fi\/wordpress\/wp-content\/uploads\/2025\/06\/FI-Euroopan-unionin-osarahoittama-2-2048x430.jpg 2048w\" sizes=\"auto, (max-width: 1024px) 100vw, 1024px\" \/><\/a><\/figure>\n<\/figure>\n\n\n\n<figure class=\"wp-block-gallery has-nested-images columns-default is-cropped wp-block-gallery-2 is-layout-flex wp-block-gallery-is-layout-flex\">\n<figure class=\"wp-block-image size-large\"><a href=\"https:\/\/markkuu.fi\/wordpress\/wp-content\/uploads\/2025\/06\/Leader_Logo_Yleislogot_RGB_Green_Ihmisten-kokoisille-ideoille.png\"><img loading=\"lazy\" decoding=\"async\" width=\"1024\" height=\"624\" data-id=\"1690\" src=\"https:\/\/markkuu.fi\/wordpress\/wp-content\/uploads\/2025\/06\/Leader_Logo_Yleislogot_RGB_Green_Ihmisten-kokoisille-ideoille-1024x624.png\" alt=\"\" class=\"wp-image-1690\" srcset=\"https:\/\/markkuu.fi\/wordpress\/wp-content\/uploads\/2025\/06\/Leader_Logo_Yleislogot_RGB_Green_Ihmisten-kokoisille-ideoille-1024x624.png 1024w, https:\/\/markkuu.fi\/wordpress\/wp-content\/uploads\/2025\/06\/Leader_Logo_Yleislogot_RGB_Green_Ihmisten-kokoisille-ideoille-300x183.png 300w, https:\/\/markkuu.fi\/wordpress\/wp-content\/uploads\/2025\/06\/Leader_Logo_Yleislogot_RGB_Green_Ihmisten-kokoisille-ideoille-768x468.png 768w, https:\/\/markkuu.fi\/wordpress\/wp-content\/uploads\/2025\/06\/Leader_Logo_Yleislogot_RGB_Green_Ihmisten-kokoisille-ideoille-1536x936.png 1536w, https:\/\/markkuu.fi\/wordpress\/wp-content\/uploads\/2025\/06\/Leader_Logo_Yleislogot_RGB_Green_Ihmisten-kokoisille-ideoille-2048x1247.png 2048w\" sizes=\"auto, (max-width: 1024px) 100vw, 1024px\" \/><\/a><\/figure>\n<\/figure>\n","protected":false},"excerpt":{"rendered":"<p>Kyl\u00e4n suositun p\u00e4iv\u00e4retkikohteen, Markkuun luontopolun, niin sanotun Partion sillan kunnostukseen tartuttiin syksyll\u00e4 2025. Silta oli vuosien saatossa menett\u00e4nyt korkeuttaan ja k\u00e4rsinyt tulvista joten sillan kunnostaminen oli luontopolun k\u00e4ytt\u00f6kelpoisuuden n\u00e4k\u00f6kulmasta v\u00e4ltt\u00e4m\u00e4t\u00f6nt\u00e4. Partion sillan kunnostus toteutettiin p\u00e4\u00e4osin siltakurssina 20.-22.9.2024 yhteisty\u00f6ss\u00e4 Pohjan pioneerikillan kanssa. Pioneerikillan asiantuntijat toimivat siltakurssin vet\u00e4jin\u00e4 ja olivat my\u00f6s laatineet sillan kunnostussuunnitelman. Kyl\u00e4yhdistys huolehti talkoolaisten &hellip; <a href=\"https:\/\/markkuu.fi\/wordpress\/?page_id=1688\" class=\"more-link\">Jatka lukemista <span class=\"screen-reader-text\">Markkuun luontopolun Partion sillan kunnostus -hanke 2024-2025<\/span> <span class=\"meta-nav\">&rarr;<\/span><\/a><\/p>\n","protected":false},"author":2,"featured_media":0,"parent":2,"menu_order":1,"comment_status":"closed","ping_status":"closed","template":"","meta":{"footnotes":""},"class_list":["post-1688","page","type-page","status-publish","hentry"],"_links":{"self":[{"href":"https:\/\/markkuu.fi\/wordpress\/index.php?rest_route=\/wp\/v2\/pages\/1688","targetHints":{"allow":["GET"]}}],"collection":[{"href":"https:\/\/markkuu.fi\/wordpress\/index.php?rest_route=\/wp\/v2\/pages"}],"about":[{"href":"https:\/\/markkuu.fi\/wordpress\/index.php?rest_route=\/wp\/v2\/types\/page"}],"author":[{"embeddable":true,"href":"https:\/\/markkuu.fi\/wordpress\/index.php?rest_route=\/wp\/v2\/users\/2"}],"replies":[{"embeddable":true,"href":"https:\/\/markkuu.fi\/wordpress\/index.php?rest_route=%2Fwp%2Fv2%2Fcomments&post=1688"}],"version-history":[{"count":3,"href":"https:\/\/markkuu.fi\/wordpress\/index.php?rest_route=\/wp\/v2\/pages\/1688\/revisions"}],"predecessor-version":[{"id":1697,"href":"https:\/\/markkuu.fi\/wordpress\/index.php?rest_route=\/wp\/v2\/pages\/1688\/revisions\/1697"}],"up":[{"embeddable":true,"href":"https:\/\/markkuu.fi\/wordpress\/index.php?rest_route=\/wp\/v2\/pages\/2"}],"wp:attachment":[{"href":"https:\/\/markkuu.fi\/wordpress\/index.php?rest_route=%2Fwp%2Fv2%2Fmedia&parent=1688"}],"curies":[{"name":"wp","href":"https:\/\/api.w.org\/{rel}","templated":true}]}}