{"id":1745,"date":"2026-04-16T21:46:15","date_gmt":"2026-04-16T18:46:15","guid":{"rendered":"https:\/\/markkuu.fi\/wordpress\/?page_id=1745"},"modified":"2026-04-20T21:14:07","modified_gmt":"2026-04-20T18:14:07","slug":"lammaspaimennusta-markkuun-luontopolulla","status":"publish","type":"page","link":"https:\/\/markkuu.fi\/wordpress\/?page_id=1745","title":{"rendered":"Lammaspaimennusta Markkuun luontopolulla"},"content":{"rendered":"\n<figure class=\"wp-block-image size-large\"><a href=\"https:\/\/markkuu.fi\/wordpress\/wp-content\/uploads\/2026\/04\/Lampaat_vaaka_A4-kuvasuhde_Kuva_Onnenmaan_tila.jpg\"><img loading=\"lazy\" decoding=\"async\" width=\"1024\" height=\"724\" src=\"https:\/\/markkuu.fi\/wordpress\/wp-content\/uploads\/2026\/04\/Lampaat_vaaka_A4-kuvasuhde_Kuva_Onnenmaan_tila-1024x724.jpg\" alt=\"\" class=\"wp-image-1746\" srcset=\"https:\/\/markkuu.fi\/wordpress\/wp-content\/uploads\/2026\/04\/Lampaat_vaaka_A4-kuvasuhde_Kuva_Onnenmaan_tila-1024x724.jpg 1024w, https:\/\/markkuu.fi\/wordpress\/wp-content\/uploads\/2026\/04\/Lampaat_vaaka_A4-kuvasuhde_Kuva_Onnenmaan_tila-300x212.jpg 300w, https:\/\/markkuu.fi\/wordpress\/wp-content\/uploads\/2026\/04\/Lampaat_vaaka_A4-kuvasuhde_Kuva_Onnenmaan_tila-768x543.jpg 768w, https:\/\/markkuu.fi\/wordpress\/wp-content\/uploads\/2026\/04\/Lampaat_vaaka_A4-kuvasuhde_Kuva_Onnenmaan_tila-1536x1086.jpg 1536w, https:\/\/markkuu.fi\/wordpress\/wp-content\/uploads\/2026\/04\/Lampaat_vaaka_A4-kuvasuhde_Kuva_Onnenmaan_tila.jpg 2000w\" sizes=\"auto, (max-width: 1024px) 100vw, 1024px\" \/><\/a><figcaption class=\"wp-element-caption\">Kuva: Onnenmaan tila.<\/figcaption><\/figure>\n\n\n\n<p>Markkuun luontopolun varteen sijoittuu arvokas Palon niityt -perinnebiotooppi, jota kyl\u00e4yhdistys on alkanut hoitamaan. Perinnebiotoopit ovat uhanalaisia luontotyyppej\u00e4. Monet el\u00e4in- ja kasvilajit ovat niist\u00e4 riippuvaisia. Kohteen kunnostuksessa umpeenkasvaneilta vanhoilta niityilt\u00e4 on raivattu puustoa ja pensaikkoa sek\u00e4 rakennettu laidunaidat.<\/p>\n\n\n\n<p>Kunnostust\u00f6ihin on saatu rahoitusta ymp\u00e4rist\u00f6ministeri\u00f6n Helmi-elinymp\u00e4rist\u00f6ohjelmasta. Kunnostuksesta vastaavat Markkuun Seudun Kyl\u00e4yhdistys ja Pohjois-Suomen Elinvoimakeskus. Jatkohoito tapahtuu lampailla laiduntaen. Hoidetun alueen kokonaisala on noin kolme hehtaaria.<\/p>\n\n\n\n<p>Hoidon tuloksena<\/p>\n\n\n\n<ul class=\"wp-block-list\">\n<li>uhanalaisten perinnebiotooppien tila kohenee<\/li>\n\n\n\n<li>harvinaistuneelle niittylajistolle tulee lis\u00e4\u00e4 tilaa<\/li>\n\n\n\n<li>maisema avartuu ja kaunistuu<\/li>\n\n\n\n<li>lampaat ilahduttavat retkeilij\u00f6it\u00e4<\/li>\n<\/ul>\n\n\n\n<p>Lampaat tulevat maisemanhoitot\u00f6ihin kes\u00e4kuussa <a href=\"https:\/\/onnenmaantila.fi\/\" target=\"_blank\" rel=\"noreferrer noopener\">Onnenmaan tilalta<\/a> Kempeleest\u00e4. Laidunkausi on noin kolme kuukautta (kes\u00e4-hein\u00e4-elokuu). Lampaiden hyvinvointi ja aitojen kunto pit\u00e4\u00e4 tarkistaa p\u00e4ivitt\u00e4in. Kyl\u00e4yhdistys ja lampuri huolehtivat t\u00e4st\u00e4 p\u00e4\u00e4osin \u2013 lis\u00e4apu on kuitenkin tarpeen.<\/p>\n\n\n\n<p>Lammaspaimenia kartoitetaan avuksi valvontaan. Apupaimenet saavat perehdytyksen teht\u00e4viin lampurilta ja kyl\u00e4yhdistykselt\u00e4. He p\u00e4\u00e4sev\u00e4t kaveriksi laidunkierroksille ja tuuraavat vakipaimenia. Jos asia kiinnostaa, vastaa kyselyyn 20.5.2026 menness\u00e4: <a href=\"https:\/\/forms.gle\/UzSkEUMoD8YJKkmP7\" target=\"_blank\" rel=\"noreferrer noopener\">Lammaspaimen rekry<\/a><\/p>\n\n\n\n<p>Lammaspaimenen teht\u00e4vist\u00e4 kiinnostuneille j\u00e4rjestet\u00e4\u00e4n infotilaisuus kes\u00e4kuun alussa, ajankohta tarkennetaan toukokuussa.<\/p>\n\n\n\n<p>Lammaspaimenen teht\u00e4v\u00e4t lyhyesti:<\/p>\n\n\n\n<ul class=\"wp-block-list\">\n<li>laidunkierroksilla kierret\u00e4\u00e4n kaksi laidunta, k\u00e4vely\u00e4 kertyy noin 2,5 km.<\/li>\n\n\n\n<li>tarkistetaan, ett\u00e4 lampaat voivat hyvin ja niill\u00e4 on vett\u00e4 juoma-astioissa<\/li>\n\n\n\n<li>tarkistetaan aitojen kunto<\/li>\n\n\n\n<li>raportoidaan tilanne ja ilmoitetaan havaitut ongelmat lampaiden tai aitausten kunnossa<\/li>\n<\/ul>\n\n\n\n<p>Vastineeksi avusta tutustut persoonallisiin lampaisiin, l\u00f6yd\u00e4t uusille poluille ja saat hyv\u00e4\u00e4 mielt\u00e4!<\/p>\n\n\n\n<p>Lis\u00e4tietoja: Marika Laurila, yhdistys(at)markkuu.fi, p. 040 560 9785 (viesti tavoittaa parhaiten).<\/p>\n","protected":false},"excerpt":{"rendered":"<p>Markkuun luontopolun varteen sijoittuu arvokas Palon niityt -perinnebiotooppi, jota kyl\u00e4yhdistys on alkanut hoitamaan. Perinnebiotoopit ovat uhanalaisia luontotyyppej\u00e4. Monet el\u00e4in- ja kasvilajit ovat niist\u00e4 riippuvaisia. Kohteen kunnostuksessa umpeenkasvaneilta vanhoilta niityilt\u00e4 on raivattu puustoa ja pensaikkoa sek\u00e4 rakennettu laidunaidat. Kunnostust\u00f6ihin on saatu rahoitusta ymp\u00e4rist\u00f6ministeri\u00f6n Helmi-elinymp\u00e4rist\u00f6ohjelmasta. Kunnostuksesta vastaavat Markkuun Seudun Kyl\u00e4yhdistys ja Pohjois-Suomen Elinvoimakeskus. Jatkohoito tapahtuu lampailla laiduntaen. &hellip; <a href=\"https:\/\/markkuu.fi\/wordpress\/?page_id=1745\" class=\"more-link\">Jatka lukemista <span class=\"screen-reader-text\">Lammaspaimennusta Markkuun luontopolulla<\/span> <span class=\"meta-nav\">&rarr;<\/span><\/a><\/p>\n","protected":false},"author":2,"featured_media":0,"parent":1677,"menu_order":1,"comment_status":"closed","ping_status":"closed","template":"","meta":{"footnotes":""},"class_list":["post-1745","page","type-page","status-publish","hentry"],"_links":{"self":[{"href":"https:\/\/markkuu.fi\/wordpress\/index.php?rest_route=\/wp\/v2\/pages\/1745","targetHints":{"allow":["GET"]}}],"collection":[{"href":"https:\/\/markkuu.fi\/wordpress\/index.php?rest_route=\/wp\/v2\/pages"}],"about":[{"href":"https:\/\/markkuu.fi\/wordpress\/index.php?rest_route=\/wp\/v2\/types\/page"}],"author":[{"embeddable":true,"href":"https:\/\/markkuu.fi\/wordpress\/index.php?rest_route=\/wp\/v2\/users\/2"}],"replies":[{"embeddable":true,"href":"https:\/\/markkuu.fi\/wordpress\/index.php?rest_route=%2Fwp%2Fv2%2Fcomments&post=1745"}],"version-history":[{"count":5,"href":"https:\/\/markkuu.fi\/wordpress\/index.php?rest_route=\/wp\/v2\/pages\/1745\/revisions"}],"predecessor-version":[{"id":1751,"href":"https:\/\/markkuu.fi\/wordpress\/index.php?rest_route=\/wp\/v2\/pages\/1745\/revisions\/1751"}],"up":[{"embeddable":true,"href":"https:\/\/markkuu.fi\/wordpress\/index.php?rest_route=\/wp\/v2\/pages\/1677"}],"wp:attachment":[{"href":"https:\/\/markkuu.fi\/wordpress\/index.php?rest_route=%2Fwp%2Fv2%2Fmedia&parent=1745"}],"curies":[{"name":"wp","href":"https:\/\/api.w.org\/{rel}","templated":true}]}}