{"id":560,"date":"2016-03-13T12:35:25","date_gmt":"2016-03-13T10:35:25","guid":{"rendered":"http:\/\/markkuu.fi\/wordpress\/?page_id=560"},"modified":"2024-06-02T19:38:29","modified_gmt":"2024-06-02T16:38:29","slug":"yhteystiedot","status":"publish","type":"page","link":"https:\/\/markkuu.fi\/wordpress\/?page_id=560","title":{"rendered":"Yhteystiedot"},"content":{"rendered":"<p>Kaikissa Markkuun kyl\u00e4\u00e4n liittyviss\u00e4 asioissa voit ottaa yhteytt\u00e4 kyl\u00e4yhdistyksen puheenjohtajaan Riina Rahkilaan. Yhteydenotot ensisijaisesti s\u00e4hk\u00f6postitse: riina.rahkila(at)gmail.com<\/p>\n","protected":false},"excerpt":{"rendered":"<p>Kaikissa Markkuun kyl\u00e4\u00e4n liittyviss\u00e4 asioissa voit ottaa yhteytt\u00e4 kyl\u00e4yhdistyksen puheenjohtajaan Riina Rahkilaan. Yhteydenotot ensisijaisesti s\u00e4hk\u00f6postitse: riina.rahkila(at)gmail.com<\/p>\n","protected":false},"author":2,"featured_media":0,"parent":93,"menu_order":1,"comment_status":"closed","ping_status":"closed","template":"","meta":{"footnotes":""},"class_list":["post-560","page","type-page","status-publish","hentry"],"_links":{"self":[{"href":"https:\/\/markkuu.fi\/wordpress\/index.php?rest_route=\/wp\/v2\/pages\/560","targetHints":{"allow":["GET"]}}],"collection":[{"href":"https:\/\/markkuu.fi\/wordpress\/index.php?rest_route=\/wp\/v2\/pages"}],"about":[{"href":"https:\/\/markkuu.fi\/wordpress\/index.php?rest_route=\/wp\/v2\/types\/page"}],"author":[{"embeddable":true,"href":"https:\/\/markkuu.fi\/wordpress\/index.php?rest_route=\/wp\/v2\/users\/2"}],"replies":[{"embeddable":true,"href":"https:\/\/markkuu.fi\/wordpress\/index.php?rest_route=%2Fwp%2Fv2%2Fcomments&post=560"}],"version-history":[{"count":6,"href":"https:\/\/markkuu.fi\/wordpress\/index.php?rest_route=\/wp\/v2\/pages\/560\/revisions"}],"predecessor-version":[{"id":1653,"href":"https:\/\/markkuu.fi\/wordpress\/index.php?rest_route=\/wp\/v2\/pages\/560\/revisions\/1653"}],"up":[{"embeddable":true,"href":"https:\/\/markkuu.fi\/wordpress\/index.php?rest_route=\/wp\/v2\/pages\/93"}],"wp:attachment":[{"href":"https:\/\/markkuu.fi\/wordpress\/index.php?rest_route=%2Fwp%2Fv2%2Fmedia&parent=560"}],"curies":[{"name":"wp","href":"https:\/\/api.w.org\/{rel}","templated":true}]}}