{"id":700,"date":"2016-10-07T20:00:31","date_gmt":"2016-10-07T17:00:31","guid":{"rendered":"http:\/\/markkuu.fi\/wordpress\/?page_id=700"},"modified":"2025-06-07T20:36:56","modified_gmt":"2025-06-07T17:36:56","slug":"mahdollisuuksien-markkuu-hanke-2016-2019","status":"publish","type":"page","link":"https:\/\/markkuu.fi\/wordpress\/?page_id=700","title":{"rendered":"Mahdollisuuksien Markkuu -hanke 2016-2020"},"content":{"rendered":"<p>Meid\u00e4n markkuulaisten motto on: &#8221;Markkuu on mahdollisuus kaikille, ei vain markkuulaisille!&#8221; Kyl\u00e4mme ainutlaatuinen luonto ja kyl\u00e4n yhteis\u00f6llisyys luovat pohjan toiminnalle, joka lis\u00e4\u00e4 markkuulaisten ja kaikkien tyrn\u00e4v\u00e4l\u00e4isten hyvinvointia.<\/p>\n<p>Mahdollisuuksien Markkuu -hankkeen toimenpiteit\u00e4 ja tavoitteita olivat mm.:<\/p>\n<ul>\n<li>Markkuun luontopolun kunnostus ja kehitt\u00e4minen palvelemaan paremmin erilaisten k\u00e4ytt\u00e4j\u00e4ryhmien sek\u00e4 palveluyritystoiminnan tarpeita<\/li>\n<li>Markkuun ja Tyrn\u00e4v\u00e4n hiihtomahdollisuuksien parantaminen toteuttamalla n. 2 km pituinen <a href=\"http:\/\/markkuu.fi\/wordpress\/wp-content\/uploads\/2016\/10\/Markkuu-yhdyslatu.pdf\" target=\"_blank\" rel=\"noopener noreferrer\">yhdyslatu<\/a> ampumaradan ja luontopolun kodan v\u00e4lille sek\u00e4 n. <a href=\"http:\/\/markkuu.fi\/wordpress\/wp-content\/uploads\/2020\/10\/1-ja-3-km-latu_urat-lokakuu2020.pdf\">1 ja 3 km <\/a>hiihtolatu-urat ampumaradan l\u00e4hiymp\u00e4rist\u00f6\u00f6n. Urat mahdollistavat retkihiihtotyyppisen hiihdon perinteisell\u00e4 hiihtotavalla.<\/li>\n<li>Kyl\u00e4mme uimapaikan eli Rauhionojan Rivieran kehitt\u00e4minen<\/li>\n<li>9 -v\u00e4yl\u00e4isen frisbeegolfradan toteuttaminen uimapaikan l\u00e4hiymp\u00e4rist\u00f6\u00f6n<\/li>\n<\/ul>\n<p>Hankkeen toteutuksen j\u00e4lkeen Markkuun kyl\u00e4n tarjoamat harrastus- ja virkistysmahdollisuudet palvelevat paremmin sek\u00e4 kyl\u00e4l\u00e4isi\u00e4 ett\u00e4 laajemmin tyrn\u00e4v\u00e4l\u00e4isi\u00e4 ja Oulun seudun asukkaita. Toimenpiteet parantavat my\u00f6s palveluyritystoiminnan mahdollisuuksia alueella. Kyl\u00e4n palveluiden kehitt\u00e4mismahdollisuuksia on selvitetty my\u00f6s osana <a href=\"http:\/\/www.nousevarannikkoseutu.fi\/fi\/kylat\/palvelevat-kylat\" target=\"_blank\" rel=\"noopener noreferrer\">Palvelevat kyl\u00e4t -hanketta<\/a>.<\/p>\n<p>Hankkeen toimenpiteist\u00e4 voit lukea tarkemmin <a href=\"http:\/\/markkuu.fi\/wordpress\/wp-content\/uploads\/2016\/10\/Mahdollisuuksien-Markkuu-hankesuunnitelma-2016.pdf\" target=\"_blank\" rel=\"noopener noreferrer\">hankesuunnitelmasta <\/a>sek\u00e4 <a href=\"http:\/\/markkuu.fi\/wordpress\/wp-content\/uploads\/2021\/05\/Mahdollisuuksien-Markkuu-loppuraportti-final.pdf\" target=\"_blank\" rel=\"noopener\">loppuraportista<\/a>.<\/p>\n<p>Pohjois-Pohjanmaan ELY -keskus teki p\u00e4\u00e4t\u00f6ksen tuen my\u00f6nt\u00e4misest\u00e4 Mahdollisuuksien Markkuu -investointihankkeelle 29.11.2016.<\/p>\n<p><a href=\"http:\/\/markkuu.fi\/wordpress\/wp-content\/uploads\/2016\/10\/LeaderlogorgbNousevaRannikkoseutu.jpg\"><img loading=\"lazy\" decoding=\"async\" class=\"aligncenter size-medium wp-image-692\" src=\"http:\/\/markkuu.fi\/wordpress\/wp-content\/uploads\/2016\/10\/LeaderlogorgbNousevaRannikkoseutu-300x131.jpg\" alt=\"Leader+logo+rgb+Nouseva+Rannikkoseutu\" width=\"300\" height=\"131\" srcset=\"https:\/\/markkuu.fi\/wordpress\/wp-content\/uploads\/2016\/10\/LeaderlogorgbNousevaRannikkoseutu-300x131.jpg 300w, https:\/\/markkuu.fi\/wordpress\/wp-content\/uploads\/2016\/10\/LeaderlogorgbNousevaRannikkoseutu.jpg 555w\" sizes=\"auto, (max-width: 300px) 100vw, 300px\" \/><\/a><\/p>\n","protected":false},"excerpt":{"rendered":"<p>Meid\u00e4n markkuulaisten motto on: &#8221;Markkuu on mahdollisuus kaikille, ei vain markkuulaisille!&#8221; Kyl\u00e4mme ainutlaatuinen luonto ja kyl\u00e4n yhteis\u00f6llisyys luovat pohjan toiminnalle, joka lis\u00e4\u00e4 markkuulaisten ja kaikkien tyrn\u00e4v\u00e4l\u00e4isten hyvinvointia. Mahdollisuuksien Markkuu -hankkeen toimenpiteit\u00e4 ja tavoitteita olivat mm.: Markkuun luontopolun kunnostus ja kehitt\u00e4minen palvelemaan paremmin erilaisten k\u00e4ytt\u00e4j\u00e4ryhmien sek\u00e4 palveluyritystoiminnan tarpeita Markkuun ja Tyrn\u00e4v\u00e4n hiihtomahdollisuuksien parantaminen toteuttamalla n. 2 &hellip; <a href=\"https:\/\/markkuu.fi\/wordpress\/?page_id=700\" class=\"more-link\">Jatka lukemista <span class=\"screen-reader-text\">Mahdollisuuksien Markkuu -hanke 2016-2020<\/span> <span class=\"meta-nav\">&rarr;<\/span><\/a><\/p>\n","protected":false},"author":2,"featured_media":0,"parent":2,"menu_order":2,"comment_status":"closed","ping_status":"closed","template":"","meta":{"footnotes":""},"class_list":["post-700","page","type-page","status-publish","hentry"],"_links":{"self":[{"href":"https:\/\/markkuu.fi\/wordpress\/index.php?rest_route=\/wp\/v2\/pages\/700","targetHints":{"allow":["GET"]}}],"collection":[{"href":"https:\/\/markkuu.fi\/wordpress\/index.php?rest_route=\/wp\/v2\/pages"}],"about":[{"href":"https:\/\/markkuu.fi\/wordpress\/index.php?rest_route=\/wp\/v2\/types\/page"}],"author":[{"embeddable":true,"href":"https:\/\/markkuu.fi\/wordpress\/index.php?rest_route=\/wp\/v2\/users\/2"}],"replies":[{"embeddable":true,"href":"https:\/\/markkuu.fi\/wordpress\/index.php?rest_route=%2Fwp%2Fv2%2Fcomments&post=700"}],"version-history":[{"count":9,"href":"https:\/\/markkuu.fi\/wordpress\/index.php?rest_route=\/wp\/v2\/pages\/700\/revisions"}],"predecessor-version":[{"id":1481,"href":"https:\/\/markkuu.fi\/wordpress\/index.php?rest_route=\/wp\/v2\/pages\/700\/revisions\/1481"}],"up":[{"embeddable":true,"href":"https:\/\/markkuu.fi\/wordpress\/index.php?rest_route=\/wp\/v2\/pages\/2"}],"wp:attachment":[{"href":"https:\/\/markkuu.fi\/wordpress\/index.php?rest_route=%2Fwp%2Fv2%2Fmedia&parent=700"}],"curies":[{"name":"wp","href":"https:\/\/api.w.org\/{rel}","templated":true}]}}