{"id":74,"date":"2015-11-06T23:29:18","date_gmt":"2015-11-06T21:29:18","guid":{"rendered":"http:\/\/markkuu.fi\/wordpress\/?page_id=74"},"modified":"2025-06-07T22:02:59","modified_gmt":"2025-06-07T19:02:59","slug":"koulu-on-kylan-keskus","status":"publish","type":"page","link":"https:\/\/markkuu.fi\/wordpress\/?page_id=74","title":{"rendered":"Luonto- ja hyvinvointitalo Peukaloinen"},"content":{"rendered":"<p>Luonto- ja hyvinvointitalo Peukalonen (vanha Markkuun kyl\u00e4koulu), on kyl\u00e4l\u00e4isille eritt\u00e4in t\u00e4rke\u00e4 lasten harrastus- ja l\u00e4hiliikuntapaikka sek\u00e4 kyl\u00e4l\u00e4isten kokoontumispaikka. Peukaloisessa j\u00e4rjestett\u00e4v\u00e4 monipuolinen toiminta yhdist\u00e4\u00e4 laajan kyl\u00e4n asukkaita luoden t\u00e4m\u00e4n p\u00e4iv\u00e4n kiireisten ihmisten hyvinvoinnille t\u00e4rke\u00e4\u00e4 yhteis\u00f6llisyytt\u00e4.<\/p>\n<p>Kyl\u00e4yhdistys j\u00e4rjest\u00e4\u00e4 Luonto- ja hyvinvointitalo Peukaloisessa (\u00c4ngeslev\u00e4n-Ylip\u00e4\u00e4ntie 6, Tyrn\u00e4v\u00e4) monipuolista <a href=\"http:\/\/markkuu.fi\/wordpress\/?page_id=934\" target=\"_blank\" rel=\"noopener noreferrer\">toimintaa<\/a>:<\/p>\n<ul>\n<li>lasten kerhotoimintaa<\/li>\n<li>kehonhuoltoa<\/li>\n<li>alle kouluik\u00e4isten lasten ja vanhempiensa Perheporinoita<\/li>\n<li>joogailtoja<\/li>\n<li>erilaisia tapahtumia<\/li>\n<\/ul>\n<p>Peukaloinen on Tyrn\u00e4v\u00e4n kunnan omistama kiinteist\u00f6, joka toimii yhdistystalona. Tyrn\u00e4v\u00e4l\u00e4iset yhdistykset voivat k\u00e4ytt\u00e4\u00e4 Peukaloisen alakerran tiloja maksutta omaan toimintaansa. My\u00f6s muilla on mahdollisuus vuokrata Peukaloisen tiloja k\u00e4ytt\u00f6\u00f6n, esimerkiksi kokous- tai juhlatilaisuuksiin, virkistysp\u00e4iviin, leireihin ja ty\u00f6pajoihin. Lis\u00e4tiedot ja tilojen varaukset <a href=\"https:\/\/www.tyrnava.fi\/kulttuuri-ja-vapaa-aika\/tilavaraus\/kokoustilavaraukset\/luonto-ja-hyvinvointitalo-peukaloinen.html\" target=\"_blank\" rel=\"noopener\">Tyrn\u00e4v\u00e4n kunnan nettisivuilta<\/a><\/p>\n<p>Kyl\u00e4yhdistyksen tavoitteena on kehitt\u00e4\u00e4 Luonto- ja hyvinvointitalo Peukaloisesta ja sen piha-alueesta l\u00e4hiymp\u00e4rist\u00f6ineen koko kyl\u00e4\u00e4 ja laajemmin tyrn\u00e4v\u00e4l\u00e4isi\u00e4 ja Oulun seudun asukkaita palveleva luonto- ja l\u00e4hiliikunta- sek\u00e4 hyvinvointikeskus yhteisty\u00f6ss\u00e4 Tyrn\u00e4v\u00e4n kunnan kanssa. Kyl\u00e4yhdistys my\u00f6s selvitt\u00e4\u00e4 jatkuvasti yhteisty\u00f6tahoja, jotka voisivat osallistua jatkossa alueen kehitt\u00e4miseen.<\/p>\n<p>Jos sinulla on idea, mit\u00e4 toimintaa Luonto- ja hyvinvointitalo Peukaloisessa voitaisiin jatkossa j\u00e4rjest\u00e4\u00e4, ota yhteytt\u00e4 kyl\u00e4yhdistykseen!<\/p>\n<p><a href=\"http:\/\/markkuu.fi\/wordpress\/wp-content\/uploads\/2015\/11\/kirmaus.jpg\"><img loading=\"lazy\" decoding=\"async\" class=\"alignnone size-full wp-image-360\" src=\"http:\/\/markkuu.fi\/wordpress\/wp-content\/uploads\/2015\/11\/kirmaus.jpg\" alt=\"kirmaus\" width=\"1645\" height=\"1097\" \/><\/a><\/p>\n<p><a href=\"http:\/\/www.instagram.com\/markkuu_tyrnava\/\"><img loading=\"lazy\" decoding=\"async\" class=\"alignnone size-full wp-image-412\" src=\"http:\/\/markkuu.fi\/wordpress\/wp-content\/uploads\/2016\/01\/instagram.png\" alt=\"instagram\" width=\"52\" height=\"52\" \/><\/a><a href=\"https:\/\/www.facebook.com\/markkuunkylayhdistys\/\"><img loading=\"lazy\" decoding=\"async\" class=\"alignnone size-full wp-image-411\" src=\"http:\/\/markkuu.fi\/wordpress\/wp-content\/uploads\/2016\/01\/facebook.png\" alt=\"facebook\" width=\"52\" height=\"52\" \/><\/a><a href=\"https:\/\/twitter.com\/markkuu_tyrnava\"><img loading=\"lazy\" decoding=\"async\" class=\"alignnone size-full wp-image-407\" src=\"http:\/\/markkuu.fi\/wordpress\/wp-content\/uploads\/2016\/01\/twitter-1.png\" alt=\"twitter-1\" width=\"52\" height=\"52\" \/><\/a><br \/>\n<script>\/\/ <![CDATA[ !function(d,s,id){var js,fjs=d.getElementsByTagName(s)[0],p=\/^http:\/.test(d.location)?'http':'https';if(!d.getElementById(id)){js=d.createElement(s);js.id=id;js.src=p+':\/\/platform.twitter.com\/widgets.js';fjs.parentNode.insertBefore(js,fjs);}}(document, 'script', 'twitter-wjs'); \/\/ ]]><\/script><\/p>\n","protected":false},"excerpt":{"rendered":"<p>Luonto- ja hyvinvointitalo Peukalonen (vanha Markkuun kyl\u00e4koulu), on kyl\u00e4l\u00e4isille eritt\u00e4in t\u00e4rke\u00e4 lasten harrastus- ja l\u00e4hiliikuntapaikka sek\u00e4 kyl\u00e4l\u00e4isten kokoontumispaikka. Peukaloisessa j\u00e4rjestett\u00e4v\u00e4 monipuolinen toiminta yhdist\u00e4\u00e4 laajan kyl\u00e4n asukkaita luoden t\u00e4m\u00e4n p\u00e4iv\u00e4n kiireisten ihmisten hyvinvoinnille t\u00e4rke\u00e4\u00e4 yhteis\u00f6llisyytt\u00e4. Kyl\u00e4yhdistys j\u00e4rjest\u00e4\u00e4 Luonto- ja hyvinvointitalo Peukaloisessa (\u00c4ngeslev\u00e4n-Ylip\u00e4\u00e4ntie 6, Tyrn\u00e4v\u00e4) monipuolista toimintaa: lasten kerhotoimintaa kehonhuoltoa alle kouluik\u00e4isten lasten ja vanhempiensa Perheporinoita joogailtoja &hellip; <a href=\"https:\/\/markkuu.fi\/wordpress\/?page_id=74\" class=\"more-link\">Jatka lukemista <span class=\"screen-reader-text\">Luonto- ja hyvinvointitalo Peukaloinen<\/span> <span class=\"meta-nav\">&rarr;<\/span><\/a><\/p>\n","protected":false},"author":2,"featured_media":0,"parent":934,"menu_order":1,"comment_status":"closed","ping_status":"closed","template":"","meta":{"footnotes":""},"class_list":["post-74","page","type-page","status-publish","hentry"],"_links":{"self":[{"href":"https:\/\/markkuu.fi\/wordpress\/index.php?rest_route=\/wp\/v2\/pages\/74","targetHints":{"allow":["GET"]}}],"collection":[{"href":"https:\/\/markkuu.fi\/wordpress\/index.php?rest_route=\/wp\/v2\/pages"}],"about":[{"href":"https:\/\/markkuu.fi\/wordpress\/index.php?rest_route=\/wp\/v2\/types\/page"}],"author":[{"embeddable":true,"href":"https:\/\/markkuu.fi\/wordpress\/index.php?rest_route=\/wp\/v2\/users\/2"}],"replies":[{"embeddable":true,"href":"https:\/\/markkuu.fi\/wordpress\/index.php?rest_route=%2Fwp%2Fv2%2Fcomments&post=74"}],"version-history":[{"count":18,"href":"https:\/\/markkuu.fi\/wordpress\/index.php?rest_route=\/wp\/v2\/pages\/74\/revisions"}],"predecessor-version":[{"id":1703,"href":"https:\/\/markkuu.fi\/wordpress\/index.php?rest_route=\/wp\/v2\/pages\/74\/revisions\/1703"}],"up":[{"embeddable":true,"href":"https:\/\/markkuu.fi\/wordpress\/index.php?rest_route=\/wp\/v2\/pages\/934"}],"wp:attachment":[{"href":"https:\/\/markkuu.fi\/wordpress\/index.php?rest_route=%2Fwp%2Fv2%2Fmedia&parent=74"}],"curies":[{"name":"wp","href":"https:\/\/api.w.org\/{rel}","templated":true}]}}