{"id":782,"date":"2017-02-24T16:28:34","date_gmt":"2017-02-24T14:28:34","guid":{"rendered":"http:\/\/markkuu.fi\/wordpress\/?page_id=782"},"modified":"2025-06-07T20:50:34","modified_gmt":"2025-06-07T17:50:34","slug":"100-taideteosta-luonnon-keskelta-yhteisollinen-kulttuuriprojekti-2017","status":"publish","type":"page","link":"https:\/\/markkuu.fi\/wordpress\/?page_id=782","title":{"rendered":"100 taideteosta luonnon keskelt\u00e4 &#8211; yhteis\u00f6llinen kulttuuriprojekti 2017"},"content":{"rendered":"<p>Markkuu tunnetaan luonnosta ja t\u00e4m\u00e4 ajatus innosti kehitt\u00e4m\u00e4\u00e4n Suomi100 -juhlavuoden teemahankkeen luonnon materiaalien ymp\u00e4rille. Markkuulla on my\u00f6s perinteist\u00e4 yhteis\u00f6llisyytt\u00e4, joka tuo kyl\u00e4l\u00e4iset yhteen monenlaisen k\u00e4sill\u00e4 tekemisen merkeiss\u00e4. Talkoissa moni kyl\u00e4l\u00e4inen on ihastuttanut nimenomaan k\u00e4dentaidoillaan. Jokainen meist\u00e4 taitaa jotain ja ty\u00f6n tuloksissa voi n\u00e4hd\u00e4 taidetta! Markkuun luonto tarjoaa materiaalien lis\u00e4ksi monenlaisia el\u00e4myksi\u00e4 &#8211; maisemia, \u00e4\u00e4ni\u00e4, kohtaamisia el\u00e4inten kanssa, marjoja ja luonnonyrttej\u00e4, mahdollisuuden virkisty\u00e4. Luonnosta saatavat, k\u00e4sin kosketeltavat ainekset ja el\u00e4mykset voidaan my\u00f6s yhdist\u00e4\u00e4 nykyisill\u00e4 k\u00e4dentaidoilla, video- ja valokuvauksen avulla.<\/p>\n<p><strong>Kulttuuriprojekti oli kaikille siihen osallistuneille upea el\u00e4mys. Sen aikana toteutettiin kuusi erilaista ty\u00f6pajaa ja taidetta luotiin monipuolisesti erilaisista luonnonmateriaaleista, muun muassa j\u00e4\u00e4st\u00e4, risuista, puukiekoista, kivist\u00e4, p\u00e4reist\u00e4, sammalesta ja k\u00e4vyist\u00e4. Ty\u00f6pajoihin osallistujia oli yhteens\u00e4 noin 400 ja ne houkuttelivat erityisesti lapsia ja lapsiperheit\u00e4. L\u00e4mmin kiitos kaikille hankkeeseen osallistuneille!<br \/>\n<\/strong><\/p>\n<figure id=\"attachment_907\" aria-describedby=\"caption-attachment-907\" style=\"width: 474px\" class=\"wp-caption aligncenter\"><a href=\"http:\/\/markkuu.fi\/wordpress\/wp-content\/uploads\/2017\/02\/IMG_2850.jpg\"><img loading=\"lazy\" decoding=\"async\" class=\"wp-image-907 size-large\" src=\"http:\/\/markkuu.fi\/wordpress\/wp-content\/uploads\/2017\/02\/IMG_2850-683x1024.jpg\" alt=\"\" width=\"474\" height=\"711\" srcset=\"https:\/\/markkuu.fi\/wordpress\/wp-content\/uploads\/2017\/02\/IMG_2850-683x1024.jpg 683w, https:\/\/markkuu.fi\/wordpress\/wp-content\/uploads\/2017\/02\/IMG_2850-200x300.jpg 200w, https:\/\/markkuu.fi\/wordpress\/wp-content\/uploads\/2017\/02\/IMG_2850-768x1152.jpg 768w\" sizes=\"auto, (max-width: 474px) 100vw, 474px\" \/><\/a><figcaption id=\"caption-attachment-907\" class=\"wp-caption-text\">Hankkeen aikana toteutettiin yhdess\u00e4 useita mets\u00e4nhaltijahahmoja jotka tapaat jatkossa Markkuun luontopolulta. Kuva Sari Arffman.<\/figcaption><\/figure>\n<p>Hankkeen aikana luotiin 100 erilaista taideteosta, joista suurin osa sijoitetaan vuoden 2018 aikana Markkuun luontopolulle monipuolistamaan polkua. Hankkeen p\u00e4\u00e4tteeksi j\u00e4rjestettiin n\u00e4yttely, jossa oli esill\u00e4 hankkeen aikana tehtyj\u00e4 taideteoksia sek\u00e4 niist\u00e4 teetettyj\u00e4 valokuvasuurennoksina. Lis\u00e4ksi n\u00e4yttelyss\u00e4 sai ensi-iltansa ty\u00f6pajoista kootusta materiaalista tehty lyhytelokuva, joka v\u00e4litt\u00e4\u00e4 upeasti hankkeen tunnelman. K\u00e4y kurkkaamassa noin 7 minuutin mittainen elokuva <a href=\"https:\/\/www.youtube.com\/channel\/UCDsgsGLWXKaLwDuJ1AUylrQ\" target=\"_blank\" rel=\"noopener\">Markkuu Vlog -kanavalta<\/a>. \u00a0<strong><br \/>\n<\/strong><\/p>\n<figure id=\"attachment_906\" aria-describedby=\"caption-attachment-906\" style=\"width: 474px\" class=\"wp-caption aligncenter\"><a href=\"http:\/\/markkuu.fi\/wordpress\/wp-content\/uploads\/2017\/02\/IMG_2767.jpg\"><img loading=\"lazy\" decoding=\"async\" class=\"size-large wp-image-906\" src=\"http:\/\/markkuu.fi\/wordpress\/wp-content\/uploads\/2017\/02\/IMG_2767-1024x683.jpg\" alt=\"\" width=\"474\" height=\"316\" srcset=\"https:\/\/markkuu.fi\/wordpress\/wp-content\/uploads\/2017\/02\/IMG_2767-1024x683.jpg 1024w, https:\/\/markkuu.fi\/wordpress\/wp-content\/uploads\/2017\/02\/IMG_2767-300x200.jpg 300w, https:\/\/markkuu.fi\/wordpress\/wp-content\/uploads\/2017\/02\/IMG_2767-768x512.jpg 768w\" sizes=\"auto, (max-width: 474px) 100vw, 474px\" \/><\/a><figcaption id=\"caption-attachment-906\" class=\"wp-caption-text\">Kev\u00e4tkirmauksen ymp\u00e4rist\u00f6taidety\u00f6pajassa luonnonmateriaalit muuttuivat tauluiksi. Kuva Sari Arffman.<\/figcaption><\/figure>\n<p>Markkuulla k\u00e4ynnistettiin hankkeen my\u00f6t\u00e4 prosessi, jota taatusti jatketaan my\u00f6s tulevaisuudessa tavalla tai toisella. Jos innostuit, ota yhteytt\u00e4 ja kerro ideasi meille.<\/p>\n<p>Tervetuloa mukaan Markkuun meininkiin!<\/p>\n<p><em>Markkuun seudun kyl\u00e4yhdistyksen toteuttama \u201d100 taideteosta luonnon keskelt\u00e4 \u2013 yhteis\u00f6llinen kulttuuriprojekti\u201d toteutettiin osana Nouseva Rannikkoseutu ry:n Rannikkoseudulla tapahtuu -teemahanketta.<\/em><br \/>\n<img loading=\"lazy\" decoding=\"async\" class=\"aligncenter wp-image-785 size-full\" src=\"http:\/\/markkuu.fi\/wordpress\/wp-content\/uploads\/2017\/02\/logorivi_1-2.jpg\" width=\"628\" height=\"146\" srcset=\"https:\/\/markkuu.fi\/wordpress\/wp-content\/uploads\/2017\/02\/logorivi_1-2.jpg 628w, https:\/\/markkuu.fi\/wordpress\/wp-content\/uploads\/2017\/02\/logorivi_1-2-300x70.jpg 300w\" sizes=\"auto, (max-width: 628px) 100vw, 628px\" \/><\/p>\n<p>&nbsp;<\/p>\n<h3><\/h3>\n","protected":false},"excerpt":{"rendered":"<p>Markkuu tunnetaan luonnosta ja t\u00e4m\u00e4 ajatus innosti kehitt\u00e4m\u00e4\u00e4n Suomi100 -juhlavuoden teemahankkeen luonnon materiaalien ymp\u00e4rille. Markkuulla on my\u00f6s perinteist\u00e4 yhteis\u00f6llisyytt\u00e4, joka tuo kyl\u00e4l\u00e4iset yhteen monenlaisen k\u00e4sill\u00e4 tekemisen merkeiss\u00e4. Talkoissa moni kyl\u00e4l\u00e4inen on ihastuttanut nimenomaan k\u00e4dentaidoillaan. Jokainen meist\u00e4 taitaa jotain ja ty\u00f6n tuloksissa voi n\u00e4hd\u00e4 taidetta! Markkuun luonto tarjoaa materiaalien lis\u00e4ksi monenlaisia el\u00e4myksi\u00e4 &#8211; maisemia, \u00e4\u00e4ni\u00e4, kohtaamisia &hellip; <a href=\"https:\/\/markkuu.fi\/wordpress\/?page_id=782\" class=\"more-link\">Jatka lukemista <span class=\"screen-reader-text\">100 taideteosta luonnon keskelt\u00e4 &#8211; yhteis\u00f6llinen kulttuuriprojekti 2017<\/span> <span class=\"meta-nav\">&rarr;<\/span><\/a><\/p>\n","protected":false},"author":3,"featured_media":905,"parent":2,"menu_order":3,"comment_status":"closed","ping_status":"closed","template":"","meta":{"footnotes":""},"class_list":["post-782","page","type-page","status-publish","has-post-thumbnail","hentry"],"_links":{"self":[{"href":"https:\/\/markkuu.fi\/wordpress\/index.php?rest_route=\/wp\/v2\/pages\/782","targetHints":{"allow":["GET"]}}],"collection":[{"href":"https:\/\/markkuu.fi\/wordpress\/index.php?rest_route=\/wp\/v2\/pages"}],"about":[{"href":"https:\/\/markkuu.fi\/wordpress\/index.php?rest_route=\/wp\/v2\/types\/page"}],"author":[{"embeddable":true,"href":"https:\/\/markkuu.fi\/wordpress\/index.php?rest_route=\/wp\/v2\/users\/3"}],"replies":[{"embeddable":true,"href":"https:\/\/markkuu.fi\/wordpress\/index.php?rest_route=%2Fwp%2Fv2%2Fcomments&post=782"}],"version-history":[{"count":22,"href":"https:\/\/markkuu.fi\/wordpress\/index.php?rest_route=\/wp\/v2\/pages\/782\/revisions"}],"predecessor-version":[{"id":997,"href":"https:\/\/markkuu.fi\/wordpress\/index.php?rest_route=\/wp\/v2\/pages\/782\/revisions\/997"}],"up":[{"embeddable":true,"href":"https:\/\/markkuu.fi\/wordpress\/index.php?rest_route=\/wp\/v2\/pages\/2"}],"wp:featuredmedia":[{"embeddable":true,"href":"https:\/\/markkuu.fi\/wordpress\/index.php?rest_route=\/wp\/v2\/media\/905"}],"wp:attachment":[{"href":"https:\/\/markkuu.fi\/wordpress\/index.php?rest_route=%2Fwp%2Fv2%2Fmedia&parent=782"}],"curies":[{"name":"wp","href":"https:\/\/api.w.org\/{rel}","templated":true}]}}