{"id":87,"date":"2015-11-06T23:51:33","date_gmt":"2015-11-06T21:51:33","guid":{"rendered":"http:\/\/markkuu.fi\/wordpress\/?page_id=87"},"modified":"2020-10-18T22:05:04","modified_gmt":"2020-10-18T19:05:04","slug":"harvinaisia-kasveja-ja-luontotyyppeja-markkuulla","status":"publish","type":"page","link":"https:\/\/markkuu.fi\/wordpress\/?page_id=87","title":{"rendered":"Harvinaisia luontotyyppej\u00e4 ja kasveja Markkuulla"},"content":{"rendered":"<figure id=\"attachment_240\" aria-describedby=\"caption-attachment-240\" style=\"width: 474px\" class=\"wp-caption alignnone\"><a href=\"http:\/\/markkuu.fi\/wordpress\/wp-content\/uploads\/2015\/11\/Luonnon-taidetta-Albert-Uusi-Illikainen.jpg\"><img loading=\"lazy\" decoding=\"async\" class=\"wp-image-240 size-large\" src=\"http:\/\/markkuu.fi\/wordpress\/wp-content\/uploads\/2015\/11\/Luonnon-taidetta-Albert-Uusi-Illikainen-1024x678.jpg\" alt=\"Luonnon taidetta, Albert Uusi-Illikainen\" width=\"474\" height=\"314\" \/><\/a><figcaption id=\"caption-attachment-240\" class=\"wp-caption-text\">Luonnon taidetta. Kuvaaja valokuvauskilpailun nuorten sarjassa palkittu Albert Uusi-Illikainen.<\/figcaption><\/figure>\n<p>Jokivarressa sijaitsee muun muassa<\/p>\n<ul>\n<li>Seudullisesti merkitt\u00e4v\u00e4 lehtomets\u00e4alue<\/li>\n<li>Uhanalaisia ja harvinaisista kasvilajeja<\/li>\n<li>\u00c4\u00e4rimm\u00e4isen uhanalaisia tulvametsi\u00e4<\/li>\n<li>Viljelyk\u00e4yt\u00f6st\u00e4 poistuneita perinnebiotooppeja<\/li>\n<li>Kaksi luonnontilaista l\u00e4hteikk\u00f6\u00e4<\/li>\n<\/ul>\n<p>Lis\u00e4tietoa voit lukea osayleiskaavan laatimista varten tehdyst\u00e4 Luontoselvityksest\u00e4.<\/p>\n<figure id=\"attachment_264\" aria-describedby=\"caption-attachment-264\" style=\"width: 474px\" class=\"wp-caption alignnone\"><a href=\"http:\/\/markkuu.fi\/wordpress\/wp-content\/uploads\/2015\/11\/WP_20150802_16_05_45_Pro.jpg\"><img loading=\"lazy\" decoding=\"async\" class=\"wp-image-264 size-large\" src=\"http:\/\/markkuu.fi\/wordpress\/wp-content\/uploads\/2015\/11\/WP_20150802_16_05_45_Pro-1024x575.jpg\" alt=\"WP_20150802_16_05_45_Pro\" width=\"474\" height=\"266\" \/><\/a><figcaption id=\"caption-attachment-264\" class=\"wp-caption-text\">Retkeilij\u00e4n iloksi jokivarsista l\u00f6ytyy my\u00f6s maisteltavaa kuten viinimarjoja ja vadelmia. Kuva Riina Rahkila.<\/figcaption><\/figure>\n<p><a href=\"http:\/\/www.instagram.com\/markkuu_tyrnava\/\"><img loading=\"lazy\" decoding=\"async\" class=\"alignnone size-full wp-image-412\" src=\"http:\/\/markkuu.fi\/wordpress\/wp-content\/uploads\/2016\/01\/instagram.png\" alt=\"instagram\" width=\"52\" height=\"52\" \/><\/a><a href=\"https:\/\/www.facebook.com\/markkuunkylayhdistys\/\"><img loading=\"lazy\" decoding=\"async\" class=\"alignnone size-full wp-image-411\" src=\"http:\/\/markkuu.fi\/wordpress\/wp-content\/uploads\/2016\/01\/facebook.png\" alt=\"facebook\" width=\"52\" height=\"52\" \/><\/a><a href=\"https:\/\/twitter.com\/markkuu_tyrnava\"><img loading=\"lazy\" decoding=\"async\" class=\"alignnone size-full wp-image-407\" src=\"http:\/\/markkuu.fi\/wordpress\/wp-content\/uploads\/2016\/01\/twitter-1.png\" alt=\"twitter-1\" width=\"52\" height=\"52\" \/><\/a><br \/>\n<script>\/\/ <![CDATA[\n!function(d,s,id){var js,fjs=d.getElementsByTagName(s)[0],p=\/^http:\/.test(d.location)?'http':'https';if(!d.getElementById(id)){js=d.createElement(s);js.id=id;js.src=p+':\/\/platform.twitter.com\/widgets.js';fjs.parentNode.insertBefore(js,fjs);}}(document, 'script', 'twitter-wjs');<br \/>\n\/\/ ]]><\/script><\/p>\n","protected":false},"excerpt":{"rendered":"<p>Jokivarressa sijaitsee muun muassa Seudullisesti merkitt\u00e4v\u00e4 lehtomets\u00e4alue Uhanalaisia ja harvinaisista kasvilajeja \u00c4\u00e4rimm\u00e4isen uhanalaisia tulvametsi\u00e4 Viljelyk\u00e4yt\u00f6st\u00e4 poistuneita perinnebiotooppeja Kaksi luonnontilaista l\u00e4hteikk\u00f6\u00e4 Lis\u00e4tietoa voit lukea osayleiskaavan laatimista varten tehdyst\u00e4 Luontoselvityksest\u00e4.<\/p>\n","protected":false},"author":2,"featured_media":0,"parent":85,"menu_order":2,"comment_status":"closed","ping_status":"closed","template":"","meta":{"footnotes":""},"class_list":["post-87","page","type-page","status-publish","hentry"],"_links":{"self":[{"href":"https:\/\/markkuu.fi\/wordpress\/index.php?rest_route=\/wp\/v2\/pages\/87","targetHints":{"allow":["GET"]}}],"collection":[{"href":"https:\/\/markkuu.fi\/wordpress\/index.php?rest_route=\/wp\/v2\/pages"}],"about":[{"href":"https:\/\/markkuu.fi\/wordpress\/index.php?rest_route=\/wp\/v2\/types\/page"}],"author":[{"embeddable":true,"href":"https:\/\/markkuu.fi\/wordpress\/index.php?rest_route=\/wp\/v2\/users\/2"}],"replies":[{"embeddable":true,"href":"https:\/\/markkuu.fi\/wordpress\/index.php?rest_route=%2Fwp%2Fv2%2Fcomments&post=87"}],"version-history":[{"count":10,"href":"https:\/\/markkuu.fi\/wordpress\/index.php?rest_route=\/wp\/v2\/pages\/87\/revisions"}],"predecessor-version":[{"id":1334,"href":"https:\/\/markkuu.fi\/wordpress\/index.php?rest_route=\/wp\/v2\/pages\/87\/revisions\/1334"}],"up":[{"embeddable":true,"href":"https:\/\/markkuu.fi\/wordpress\/index.php?rest_route=\/wp\/v2\/pages\/85"}],"wp:attachment":[{"href":"https:\/\/markkuu.fi\/wordpress\/index.php?rest_route=%2Fwp%2Fv2%2Fmedia&parent=87"}],"curies":[{"name":"wp","href":"https:\/\/api.w.org\/{rel}","templated":true}]}}