{"id":89,"date":"2015-11-06T23:53:31","date_gmt":"2015-11-06T21:53:31","guid":{"rendered":"http:\/\/markkuu.fi\/wordpress\/?page_id=89"},"modified":"2026-04-20T21:16:40","modified_gmt":"2026-04-20T18:16:40","slug":"tonttiporssi","status":"publish","type":"page","link":"https:\/\/markkuu.fi\/wordpress\/?page_id=89","title":{"rendered":"Tonttip\u00f6rssi"},"content":{"rendered":"<p>Tyrn\u00e4v\u00e4n kylist\u00e4 Markkuu on ainutlaatuinen asuinpaikka keskell\u00e4 upeita lenkkeilymaastoja sek\u00e4 sieni- ja marjametsi\u00e4. Aktiivisesti toimiva kyl\u00e4yhdistys j\u00e4rjest\u00e4\u00e4 viikottain Luonto- ja hyvinvointitalo Peukaloisessa (vanha Markkuun kyl\u00e4koulu) erilaista toimintaa sek\u00e4 pitkin vuotta erilaisia tapahtumia. Kaikki kyl\u00e4n rakennuspaikat on merkitty alueelle laadittuun <a href=\"https:\/\/www.tyrnava.fi\/media\/asuminen-ja-ymparisto\/kaavoitus\/yleiskaava\/angeslevanjokivarren-kylien-osayleiskaava\/p15797_angesleva_markkuu.pdf\" target=\"_blank\" rel=\"noopener noreferrer\">osayleiskaavaan<\/a>. Jos kiinnostuit, <a href=\"http:\/\/markkuu.fi\/wordpress\/?page_id=560\" target=\"_blank\" rel=\"noopener noreferrer\">ota yhteytt\u00e4<\/a>, autamme mielell\u00e4mme sopivan rakennuspaikan l\u00f6yt\u00e4misess\u00e4!<\/p>\n<p><strong>Kyl\u00e4yhdistys yll\u00e4pit\u00e4\u00e4 t\u00f6nttip\u00f6rssi\u00e4 vapaaehtoisvoimin. Sivuilla ilmoitetut tontit omistavat yksityishenkil\u00f6t, joilta voi henkil\u00f6kohtaisesti kysy\u00e4 lis\u00e4\u00e4 tontin alasta sek\u00e4 hinnasta.\u00a0Karttalinkeist\u00e4 voit tarkastella tonttien sijaintia kyl\u00e4n alueella.<\/strong><\/p>\n<h2>MYYT\u00c4V\u00c4T TONTIT<\/h2>\n<h4><span style=\"color: #000080;\"><strong>KORKALANTIE:<\/strong><\/span><\/h4>\n<ul>\n<li><strong>Myyt\u00e4v\u00e4n\u00e4 <a href=\"https:\/\/markkuu.fi\/wordpress\/wp-content\/uploads\/2025\/06\/Tontti-Maki.pdf\">t\u00e4lle kartalle<\/a> merkitty <\/strong><strong>2500 m\u00b2:n tontti kiinteist\u00f6ll\u00e4 numero 859-402-25-30.<\/strong>\u00a0Mahdollisuus ostaa my\u00f6s isompana m\u00e4\u00e4r\u00e4alana. <strong>Lis\u00e4tiedot ja yhteydenotot: Sauli M\u00e4ki p. 040 5959136<\/strong><\/li>\n<\/ul>\n<ul>\n<li><strong>Myyt\u00e4v\u00e4n\u00e4 rakennuspaikka Korkalantien varrelta (numerolla 8 merkitty tontti on myyty). Lis\u00e4tiedot ja yhteydenotot: Juha Korkala p. 040 0689703\u00a0 <\/strong><\/li>\n<\/ul>\n<p><a href=\"https:\/\/kartta.paikkatietoikkuna.fi\/?zoomLevel=10&amp;coord=441185.96900000004_7184077.876000003&amp;mapLayers=base_35+100+default&amp;markers=5|1|ff3334|441191.96900000004_7184270.876000003|7___5|1|ff3334|441241.96900000004_7184222.876000003|8\"><strong>Tonttien nro 7 ja 8 sijaintikartta.<\/strong> <\/a><\/p>\n<h4><span style=\"color: #000080;\"><strong>PALONKUJA:<br \/>\n<\/strong><\/span><\/h4>\n<ul>\n<li><strong>Noin 2,2 hehtaarin kokoinen, mets\u00e4inen JOKIVARSITONTTI (sijaintikartalla merkitty numerolla 5.). Rakennuspaikka merkitty osayleiskaavaan. Lis\u00e4tiedot ja yhteydenotot: Hannu Markkula p. 040 077 2904.<br \/>\n<\/strong><\/li>\n<\/ul>\n<p><strong><a href=\"https:\/\/kartta.paikkatietoikkuna.fi\/?zoomLevel=10&amp;coord=441560.469_7183522.876&amp;mapLayers=base_35+100+default&amp;markers=5|1|ff3334|441418.469_7183655.876|5\">Tontin nro 5 sijaintikartta.<\/a><\/strong><\/p>\n<ul>\n<li><strong>Myyt\u00e4v\u00e4n\u00e4 KAKSI tonttia <a href=\"https:\/\/markkuu.fi\/wordpress\/wp-content\/uploads\/2025\/06\/tontit-Laurila.pdf\">t\u00e4lle kartalle<\/a> merkityll\u00e4 kiinteist\u00f6ll\u00e4 859-402-5-38. Lis\u00e4tiedot ja yhteydenotot: Arto Laurila p. 045 1104109<\/strong><\/li>\n<\/ul>\n<ul>\n<li><strong>TONTTI myyt\u00e4v\u00e4n\u00e4 (sijaintikartalla merkitty numerolla 6). Lis\u00e4tiedot ja yhteydenotot: Kimmo Matinolli p. 040 526 1823<\/strong><\/li>\n<\/ul>\n<p><a href=\"https:\/\/kartta.paikkatietoikkuna.fi\/?zoomLevel=10&amp;coord=441390_7183658&amp;mapLayers=base_35+100+default&amp;markers=5|2|bf2652|441682_7183446|6\"><strong>Tontin nro 6 sijaintikartta.<\/strong><\/a><\/p>\n<div><\/div>\n<p>&nbsp;<\/p>\n<h4><span style=\"color: #000080;\">\u00c4NGESLEV\u00c4N YLIP\u00c4\u00c4NTIE<\/span><\/h4>\n<ul>\n<li><strong>VIISI rakennuspaikkaa mahtavien ulkoilumaastojen tuntumassa (merkitty numeroilla 9-13). Lis\u00e4tiedot ja yhteydenotot Teemu Pakonen p. 040 744 5932<\/strong><\/li>\n<\/ul>\n<p><strong><a href=\"https:\/\/kartta.paikkatietoikkuna.fi\/?zoomLevel=10&amp;coord=442294.5484081279_7182819.691000657&amp;mapLayers=base_35+100+default&amp;markers=5|1|bf2652|442622.0000000002_7182506.75|9___5|1|bf2652|442644.0000000002_7182528.75|10___5|1|bf2652|442662.0000000002_7182546.75|11___5|1|bf2652|442694.0000000002_7182556.75|12___5|1|bf2652|442718.0000000002_7182574.75|13\">Tonttien 9-13 sijaintikartta.<\/a><\/strong><\/p>\n<ul>\n<li><strong>KOLME rakennuspaikkaa \u00c4ngeslev\u00e4n Ylip\u00e4\u00e4ntien l\u00e4heisyydess\u00e4 (sijaintikartalla numeroilla 14-16). Lis\u00e4tiedot ja yhteydenotot Olavi Matinolli p. 040 779 4048<\/strong><\/li>\n<\/ul>\n<p><strong><a href=\"https:\/\/kartta.paikkatietoikkuna.fi\/?zoomLevel=10&amp;coord=442450.5780749087_7182730.372160196&amp;mapLayers=base_35+100+default&amp;markers=5|1|bf2652|442825.57807490864_7182359.372160196|14___5|1|bf2652|442847.57807490864_7182377.372160196|15___5|1|bf2652|442872.57807490864_7182394.372160196|16\">Tonttien 14-16 sijaintikartta.<\/a><\/strong><\/p>\n<p><iframe loading=\"lazy\" style=\"border: 0;\" src=\"https:\/\/www.google.com\/maps\/embed?pb=!1m18!1m12!1m3!1d5624.056509239663!2d25.75368164441382!3d64.77269633762421!2m3!1f0!2f0!3f0!3m2!1i1024!2i768!4f13.1!3m3!1m2!1s0x4681c778ff90f64f%3A0x260146d7261eb481!2s91800+Markkula!5e1!3m2!1sen!2sfi!4v1517069295772\" width=\"600\" height=\"450\" frameborder=\"0\" allowfullscreen=\"allowfullscreen\"><\/iframe><\/p>\n<p><a href=\"http:\/\/www.instagram.com\/markkuu_tyrnava\/\"><img loading=\"lazy\" decoding=\"async\" class=\"alignnone size-full wp-image-412\" src=\"http:\/\/markkuu.fi\/wordpress\/wp-content\/uploads\/2016\/01\/instagram.png\" alt=\"instagram\" width=\"52\" height=\"52\" \/><\/a><a href=\"https:\/\/www.facebook.com\/markkuunkylayhdistys\/\"><img loading=\"lazy\" decoding=\"async\" class=\"alignnone size-full wp-image-411\" src=\"http:\/\/markkuu.fi\/wordpress\/wp-content\/uploads\/2016\/01\/facebook.png\" alt=\"facebook\" width=\"52\" height=\"52\" \/><\/a><a href=\"https:\/\/twitter.com\/markkuu_tyrnava\"><img loading=\"lazy\" decoding=\"async\" class=\"alignnone size-full wp-image-407\" src=\"http:\/\/markkuu.fi\/wordpress\/wp-content\/uploads\/2016\/01\/twitter-1.png\" alt=\"twitter-1\" width=\"52\" height=\"52\" \/><\/a><\/p>\n<p><script>\/\/ <![CDATA[ !function(d,s,id){var js,fjs=d.getElementsByTagName(s)[0],p=\/^http:\/.test(d.location)?'http':'https';if(!d.getElementById(id)){js=d.createElement(s);js.id=id;js.src=p+':\/\/platform.twitter.com\/widgets.js';fjs.parentNode.insertBefore(js,fjs);}}(document, 'script', 'twitter-wjs'); \/\/ ]]><\/script><\/p>\n","protected":false},"excerpt":{"rendered":"<p>Tyrn\u00e4v\u00e4n kylist\u00e4 Markkuu on ainutlaatuinen asuinpaikka keskell\u00e4 upeita lenkkeilymaastoja sek\u00e4 sieni- ja marjametsi\u00e4. Aktiivisesti toimiva kyl\u00e4yhdistys j\u00e4rjest\u00e4\u00e4 viikottain Luonto- ja hyvinvointitalo Peukaloisessa (vanha Markkuun kyl\u00e4koulu) erilaista toimintaa sek\u00e4 pitkin vuotta erilaisia tapahtumia. Kaikki kyl\u00e4n rakennuspaikat on merkitty alueelle laadittuun osayleiskaavaan. Jos kiinnostuit, ota yhteytt\u00e4, autamme mielell\u00e4mme sopivan rakennuspaikan l\u00f6yt\u00e4misess\u00e4! Kyl\u00e4yhdistys yll\u00e4pit\u00e4\u00e4 t\u00f6nttip\u00f6rssi\u00e4 vapaaehtoisvoimin. Sivuilla ilmoitetut &hellip; <a href=\"https:\/\/markkuu.fi\/wordpress\/?page_id=89\" class=\"more-link\">Jatka lukemista <span class=\"screen-reader-text\">Tonttip\u00f6rssi<\/span> <span class=\"meta-nav\">&rarr;<\/span><\/a><\/p>\n","protected":false},"author":2,"featured_media":926,"parent":52,"menu_order":0,"comment_status":"closed","ping_status":"closed","template":"","meta":{"footnotes":""},"class_list":["post-89","page","type-page","status-publish","has-post-thumbnail","hentry"],"_links":{"self":[{"href":"https:\/\/markkuu.fi\/wordpress\/index.php?rest_route=\/wp\/v2\/pages\/89","targetHints":{"allow":["GET"]}}],"collection":[{"href":"https:\/\/markkuu.fi\/wordpress\/index.php?rest_route=\/wp\/v2\/pages"}],"about":[{"href":"https:\/\/markkuu.fi\/wordpress\/index.php?rest_route=\/wp\/v2\/types\/page"}],"author":[{"embeddable":true,"href":"https:\/\/markkuu.fi\/wordpress\/index.php?rest_route=\/wp\/v2\/users\/2"}],"replies":[{"embeddable":true,"href":"https:\/\/markkuu.fi\/wordpress\/index.php?rest_route=%2Fwp%2Fv2%2Fcomments&post=89"}],"version-history":[{"count":51,"href":"https:\/\/markkuu.fi\/wordpress\/index.php?rest_route=\/wp\/v2\/pages\/89\/revisions"}],"predecessor-version":[{"id":1752,"href":"https:\/\/markkuu.fi\/wordpress\/index.php?rest_route=\/wp\/v2\/pages\/89\/revisions\/1752"}],"up":[{"embeddable":true,"href":"https:\/\/markkuu.fi\/wordpress\/index.php?rest_route=\/wp\/v2\/pages\/52"}],"wp:featuredmedia":[{"embeddable":true,"href":"https:\/\/markkuu.fi\/wordpress\/index.php?rest_route=\/wp\/v2\/media\/926"}],"wp:attachment":[{"href":"https:\/\/markkuu.fi\/wordpress\/index.php?rest_route=%2Fwp%2Fv2%2Fmedia&parent=89"}],"curies":[{"name":"wp","href":"https:\/\/api.w.org\/{rel}","templated":true}]}}