{"id":91,"date":"2015-11-06T23:54:53","date_gmt":"2015-11-06T21:54:53","guid":{"rendered":"http:\/\/markkuu.fi\/wordpress\/?page_id=91"},"modified":"2021-02-10T20:53:49","modified_gmt":"2021-02-10T18:53:49","slug":"ampumaradan-uimapaikan-ymparisto","status":"publish","type":"page","link":"https:\/\/markkuu.fi\/wordpress\/?page_id=91","title":{"rendered":"Uimapaikka on yksi kyl\u00e4n helmist\u00e4"},"content":{"rendered":"<figure id=\"attachment_235\" aria-describedby=\"caption-attachment-235\" style=\"width: 474px\" class=\"wp-caption alignnone\"><a href=\"http:\/\/markkuu.fi\/wordpress\/wp-content\/uploads\/2015\/11\/an_ma2.jpg\"><img loading=\"lazy\" decoding=\"async\" class=\"wp-image-235 size-large\" src=\"http:\/\/markkuu.fi\/wordpress\/wp-content\/uploads\/2015\/11\/an_ma2-1024x1024.jpg\" alt=\"an_ma2\" width=\"474\" height=\"474\" \/><\/a><figcaption id=\"caption-attachment-235\" class=\"wp-caption-text\">Uimapaikka on yksi kyl\u00e4n helmist\u00e4. Kuvaaja valokuvakilpailun aikuisten sarjassa palkittu Anu Markus.<\/figcaption><\/figure>\n<p>Markkuu tarjoaa my\u00f6s virkistyst\u00e4 helteisiin kes\u00e4p\u00e4iviin. Kyl\u00e4ll\u00e4 sijaitseva ampumaradan uimapaikka on kunnan toinen virallinen uimaranta, joka\u00a0<a href=\"http:\/\/kansalaisen.karttapaikka.fi\/linkki?scale=150000&amp;text=Ampumaradan+uimapaikka&amp;srs=EPSG%3A3067&amp;y=7185096&amp;x=443019&amp;lang=fi\">sijaitsee<\/a> noin 9 kilometri\u00e4 Tyrn\u00e4v\u00e4n keskustasta Muhoksen suuntaan. Uimarannan varusteisiin kuuluvat pukukoppi, nuotiopaikka ja kotalaavu (omat puut mukaan), piknikp\u00f6yd\u00e4t, wc -tilat sek\u00e4 pieni lasten leikkipaikka. Uimapaikan l\u00e4hiymp\u00e4rist\u00f6ss\u00e4 on my\u00f6s 9 -v\u00e4yl\u00e4inen <a href=\"http:\/\/markkuu.fi\/wordpress\/?page_id=1330\" target=\"_blank\" rel=\"noopener\">frisbeegolfrata<\/a>.<\/p>\n<p>Uimapaikka on erityisesti lapsiperheiden suosima. Matalahko ranta sopii mainiosti lapsiuimareille, ja lis\u00e4ksi kaikkein pienimmille polskijoille rannalla on oma rajattu uima-alueensa. \u00a0Rannalla lekottelun lomassa voi nautiskella ev\u00e4it\u00e4 vaikkapa uudella nuotiopaikalla.<\/p>\n<figure id=\"attachment_238\" aria-describedby=\"caption-attachment-238\" style=\"width: 474px\" class=\"wp-caption alignnone\"><a href=\"http:\/\/markkuu.fi\/wordpress\/wp-content\/uploads\/2015\/11\/Markkuu-6353.jpg\"><img loading=\"lazy\" decoding=\"async\" class=\"wp-image-238 size-large\" src=\"http:\/\/markkuu.fi\/wordpress\/wp-content\/uploads\/2015\/11\/Markkuu-6353-1024x680.jpg\" alt=\"Markkuu-6353\" width=\"474\" height=\"315\" \/><\/a><figcaption id=\"caption-attachment-238\" class=\"wp-caption-text\">Kes\u00e4n parhaita hetki\u00e4. Kuvaaja Matti Alasaarela.<\/figcaption><\/figure>\n<p><strong>Uimarannan yll\u00e4pito ja alueen kehitt\u00e4minen<br \/>\n<\/strong><\/p>\n<p>Kyl\u00e4yhdistys huoltaa ja yll\u00e4pit\u00e4\u00e4 alueelle toteuttamiaan rakenteita. Tyrn\u00e4v\u00e4n kunta huoltaa alueelle toteutettuja wc -tiloja, alueen j\u00e4tehuoltoa sek\u00e4 yleist\u00e4 rannan yll\u00e4pitoa. Muistetaan kuitenkin, ett\u00e4 yleinen siisteys on kaikkien uimapaikan k\u00e4ytt\u00e4jien vastuulla. Pidet\u00e4\u00e4n yhdess\u00e4 huolta alueen viihtyisyydest\u00e4 jatkossakin!<\/p>\n<p>Kyl\u00e4hdistys on kehitt\u00e4nyt aluetta osana <a href=\"http:\/\/markkuu.fi\/wordpress\/?page_id=700\" target=\"_blank\" rel=\"noopener noreferrer\">Mahdollisuuksien Markkuu -hanketta<\/a>. Hankkeessa on toteutettu alueelle pieni lasten leikkipaikka, 9 -v\u00e4yl\u00e4inen frisbeegolfrata, uimalautta, kotalaavu sek\u00e4 piknikp\u00f6yd\u00e4t. Lis\u00e4ksi on raivattu retkihiihtolatuja varten latu-uria, joille tehd\u00e4\u00e4n perinteisen tyylin latua lumitilanteen niin salliessa.<\/p>\n<p>Ampumaradan l\u00e4hiymp\u00e4rist\u00f6n kehitt\u00e4mist\u00e4 voitaisiin tulevaisuudessa jatkaa toteuttamalla lis\u00e4\u00e4 patikointi-, maastopy\u00f6r\u00e4ily- ja lumikenk\u00e4ilyreittej\u00e4. Alueen kiinteist\u00f6t ovat yksitysess\u00e4 omistuksessa, joten yhteisty\u00f6 maanomistajien kanssa on ensiarvoisen t\u00e4rke\u00e4\u00e4.<\/p>\n<p>Ampumaradan l\u00e4hist\u00f6lt\u00e4 kulkee my\u00f6s Rokualle viev\u00e4 moottorikelkkareitti. Tulevaisuudessa ampumaradalle voitaisiin rakentaa \u00a0pys\u00e4k\u00f6intialue \u00a0kelkkailijoita varten sek\u00e4 yhdysreitti moottorikelkkauralle.<\/p>\n<p>Alueella sijaitsevaa ampumarataa yll\u00e4pit\u00e4\u00e4 <a href=\"http:\/\/www.simplesite.com\/riistansuojelijat\/\" target=\"_blank\" rel=\"noopener noreferrer\">Tyrn\u00e4v\u00e4n Riistansuojelijat ry<\/a>.<\/p>\n<p><a href=\"http:\/\/www.instagram.com\/markkuu_tyrnava\/\"><img loading=\"lazy\" decoding=\"async\" class=\"alignnone size-full wp-image-412\" src=\"http:\/\/markkuu.fi\/wordpress\/wp-content\/uploads\/2016\/01\/instagram.png\" alt=\"instagram\" width=\"52\" height=\"52\" \/><\/a><a href=\"https:\/\/www.facebook.com\/markkuunkylayhdistys\/\"><img loading=\"lazy\" decoding=\"async\" class=\"alignnone size-full wp-image-411\" src=\"http:\/\/markkuu.fi\/wordpress\/wp-content\/uploads\/2016\/01\/facebook.png\" alt=\"facebook\" width=\"52\" height=\"52\" \/><\/a><a href=\"https:\/\/twitter.com\/markkuu_tyrnava\"><img loading=\"lazy\" decoding=\"async\" class=\"alignnone size-full wp-image-407\" src=\"http:\/\/markkuu.fi\/wordpress\/wp-content\/uploads\/2016\/01\/twitter-1.png\" alt=\"twitter-1\" width=\"52\" height=\"52\" \/><\/a><br \/>\n<script>\/\/ <![CDATA[\n!function(d,s,id){var js,fjs=d.getElementsByTagName(s)[0],p=\/^http:\/.test(d.location)?'http':'https';if(!d.getElementById(id)){js=d.createElement(s);js.id=id;js.src=p+':\/\/platform.twitter.com\/widgets.js';fjs.parentNode.insertBefore(js,fjs);}}(document, 'script', 'twitter-wjs');<br \/>\n\/\/ ]]><\/script><\/p>\n","protected":false},"excerpt":{"rendered":"<p>Markkuu tarjoaa my\u00f6s virkistyst\u00e4 helteisiin kes\u00e4p\u00e4iviin. Kyl\u00e4ll\u00e4 sijaitseva ampumaradan uimapaikka on kunnan toinen virallinen uimaranta, joka\u00a0sijaitsee noin 9 kilometri\u00e4 Tyrn\u00e4v\u00e4n keskustasta Muhoksen suuntaan. Uimarannan varusteisiin kuuluvat pukukoppi, nuotiopaikka ja kotalaavu (omat puut mukaan), piknikp\u00f6yd\u00e4t, wc -tilat sek\u00e4 pieni lasten leikkipaikka. Uimapaikan l\u00e4hiymp\u00e4rist\u00f6ss\u00e4 on my\u00f6s 9 -v\u00e4yl\u00e4inen frisbeegolfrata. Uimapaikka on erityisesti lapsiperheiden suosima. Matalahko ranta sopii &hellip; <a href=\"https:\/\/markkuu.fi\/wordpress\/?page_id=91\" class=\"more-link\">Jatka lukemista <span class=\"screen-reader-text\">Uimapaikka on yksi kyl\u00e4n helmist\u00e4<\/span> <span class=\"meta-nav\">&rarr;<\/span><\/a><\/p>\n","protected":false},"author":2,"featured_media":0,"parent":82,"menu_order":3,"comment_status":"closed","ping_status":"closed","template":"","meta":{"footnotes":""},"class_list":["post-91","page","type-page","status-publish","hentry"],"_links":{"self":[{"href":"https:\/\/markkuu.fi\/wordpress\/index.php?rest_route=\/wp\/v2\/pages\/91","targetHints":{"allow":["GET"]}}],"collection":[{"href":"https:\/\/markkuu.fi\/wordpress\/index.php?rest_route=\/wp\/v2\/pages"}],"about":[{"href":"https:\/\/markkuu.fi\/wordpress\/index.php?rest_route=\/wp\/v2\/types\/page"}],"author":[{"embeddable":true,"href":"https:\/\/markkuu.fi\/wordpress\/index.php?rest_route=\/wp\/v2\/users\/2"}],"replies":[{"embeddable":true,"href":"https:\/\/markkuu.fi\/wordpress\/index.php?rest_route=%2Fwp%2Fv2%2Fcomments&post=91"}],"version-history":[{"count":17,"href":"https:\/\/markkuu.fi\/wordpress\/index.php?rest_route=\/wp\/v2\/pages\/91\/revisions"}],"predecessor-version":[{"id":1423,"href":"https:\/\/markkuu.fi\/wordpress\/index.php?rest_route=\/wp\/v2\/pages\/91\/revisions\/1423"}],"up":[{"embeddable":true,"href":"https:\/\/markkuu.fi\/wordpress\/index.php?rest_route=\/wp\/v2\/pages\/82"}],"wp:attachment":[{"href":"https:\/\/markkuu.fi\/wordpress\/index.php?rest_route=%2Fwp%2Fv2%2Fmedia&parent=91"}],"curies":[{"name":"wp","href":"https:\/\/api.w.org\/{rel}","templated":true}]}}