{"id":95,"date":"2015-11-07T00:17:19","date_gmt":"2015-11-06T22:17:19","guid":{"rendered":"http:\/\/markkuu.fi\/wordpress\/?page_id=95"},"modified":"2018-01-08T17:11:59","modified_gmt":"2018-01-08T15:11:59","slug":"oppilaitosyhteistyo","status":"publish","type":"page","link":"https:\/\/markkuu.fi\/wordpress\/?page_id=95","title":{"rendered":"Oppilaitosyhteisty\u00f6"},"content":{"rendered":"<p>Kyl\u00e4yhdistys tekee tiivist\u00e4 yhteisty\u00f6t\u00e4 erilaisten oppilaitosten kanssa. T\u00e4ss\u00e4 muutamia hyvi\u00e4 yhteisty\u00f6esimerkkej\u00e4:<\/p>\n<p>Kaksi luonnonvara-alan osaston opiskelijaa laati kev\u00e4\u00e4ll\u00e4 2016 opinn\u00e4ytety\u00f6ns\u00e4 Markkuun kyl\u00e4lle \u2013 toinen <a href=\"http:\/\/urn.fi\/URN:NBN:fi:amk-201605229049\" target=\"_blank\">koulun piha-alueen kehitt\u00e4misest\u00e4<\/a>, toinen <a href=\"http:\/\/urn.fi\/URN:NBN:fi:amk-201605025852\" target=\"_blank\">luontopolun kunnostuksesta<\/a>.<\/p>\n<p><a href=\"http:\/\/markkuu.fi\/wordpress\/?page_id=82\"><i>Luontopolku<\/i> <\/a>on kyl\u00e4n tunnetuin kohde, jonka kunnostus kehitt\u00e4minen toteutetaan osana <a href=\"http:\/\/markkuu.fi\/wordpress\/?page_id=700\" target=\"_blank\">Mahdollisuuksien Markkuu -hanketta<\/a>. \u00c4ngeslev\u00e4njokivarren monipuolinen luonto tarjoaa mahtavia luontoel\u00e4myksi\u00e4, joita haluamme jakaa ihmisille l\u00e4helt\u00e4 ja kaukaa.<\/p>\n<p><a href=\"http:\/\/markkuu.fi\/wordpress\/?page_id=80\"><i>Koulun piha-alue<\/i> <\/a>on t\u00e4ll\u00e4 hetkell\u00e4 v\u00e4ltt\u00e4v\u00e4ss\u00e4 kunnossa, joten pyysimme suunnitteluapua viihtyisyyden lis\u00e4\u00e4miseksi. Tyrn\u00e4v\u00e4n kunta suhtautui my\u00f6nteisesti suunnitteluty\u00f6h\u00f6n, jonka kyl\u00e4yhdistys tilasi omalla kustannuksellaan.<\/p>\n<p><em>Maaseudun kehitt\u00e4minen -opintojaksolla<\/em> syksyll\u00e4 2015 yksi opiskelijaryhm\u00e4 selvitti projektity\u00f6n\u00e4\u00e4n hiihtoladun, ajantasaisen suunnistusradan ja frisbeegolf -radan rakentamisen vaatimuksia ja alustavia kustannuksia. \u00a0Toinen ryhm\u00e4 keskittyi ampumaradan uimapaikan ymp\u00e4rist\u00f6n kehitt\u00e4miseen. Uimapaikalle on toivottu ranta-alueelle kertyneen liejun ja kasvillisuuden poistamista, (ponttooni)laituria, frisbeegolf -mahdollisuutta sek\u00e4 kes\u00e4kioskia.<\/p>\n<p>OAMK opiskelijat\u00f6it\u00e4 hy\u00f6dynnettiin talven 2015-2016 aikana laaditun <a href=\"http:\/\/markkuu.fi\/wordpress\/wp-content\/uploads\/2016\/10\/Mahdollisuuksien-Markkuu-hankesuunnitelma-2016.pdf\">Mahdollisuuksien Markkuu hankesuunnitelman <\/a>pohjana. Hankesuunnitelmaa oli tekem\u00e4ss\u00e4 harjoittelunaan PSK &#8211; Aikuisopiston Hankeosaaja -tutkinnon suorittaja.<\/p>\n<p><a href=\"http:\/\/www.instagram.com\/markkuu_tyrnava\/\"><img loading=\"lazy\" decoding=\"async\" class=\"alignnone size-full wp-image-412\" src=\"http:\/\/markkuu.fi\/wordpress\/wp-content\/uploads\/2016\/01\/instagram.png\" alt=\"instagram\" width=\"52\" height=\"52\" \/><\/a><a href=\"https:\/\/www.facebook.com\/markkuunkylayhdistys\/\"><img loading=\"lazy\" decoding=\"async\" class=\"alignnone size-full wp-image-411\" src=\"http:\/\/markkuu.fi\/wordpress\/wp-content\/uploads\/2016\/01\/facebook.png\" alt=\"facebook\" width=\"52\" height=\"52\" \/><\/a><a href=\"https:\/\/twitter.com\/markkuu_tyrnava\"><img loading=\"lazy\" decoding=\"async\" class=\"alignnone size-full wp-image-407\" src=\"http:\/\/markkuu.fi\/wordpress\/wp-content\/uploads\/2016\/01\/twitter-1.png\" alt=\"twitter-1\" width=\"52\" height=\"52\" \/><\/a><br \/>\n<script>\/\/ <![CDATA[ !function(d,s,id){var js,fjs=d.getElementsByTagName(s)[0],p=\/^http:\/.test(d.location)?'http':'https';if(!d.getElementById(id)){js=d.createElement(s);js.id=id;js.src=p+':\/\/platform.twitter.com\/widgets.js';fjs.parentNode.insertBefore(js,fjs);}}(document, 'script', 'twitter-wjs'); \/\/ ]]><\/script><\/p>\n","protected":false},"excerpt":{"rendered":"<p>Kyl\u00e4yhdistys tekee tiivist\u00e4 yhteisty\u00f6t\u00e4 erilaisten oppilaitosten kanssa. T\u00e4ss\u00e4 muutamia hyvi\u00e4 yhteisty\u00f6esimerkkej\u00e4: Kaksi luonnonvara-alan osaston opiskelijaa laati kev\u00e4\u00e4ll\u00e4 2016 opinn\u00e4ytety\u00f6ns\u00e4 Markkuun kyl\u00e4lle \u2013 toinen koulun piha-alueen kehitt\u00e4misest\u00e4, toinen luontopolun kunnostuksesta. Luontopolku on kyl\u00e4n tunnetuin kohde, jonka kunnostus kehitt\u00e4minen toteutetaan osana Mahdollisuuksien Markkuu -hanketta. \u00c4ngeslev\u00e4njokivarren monipuolinen luonto tarjoaa mahtavia luontoel\u00e4myksi\u00e4, joita haluamme jakaa ihmisille l\u00e4helt\u00e4 ja kaukaa. &hellip; <a href=\"https:\/\/markkuu.fi\/wordpress\/?page_id=95\" class=\"more-link\">Jatka lukemista <span class=\"screen-reader-text\">Oppilaitosyhteisty\u00f6<\/span> <span class=\"meta-nav\">&rarr;<\/span><\/a><\/p>\n","protected":false},"author":2,"featured_media":0,"parent":2,"menu_order":4,"comment_status":"closed","ping_status":"closed","template":"","meta":{"footnotes":""},"class_list":["post-95","page","type-page","status-publish","hentry"],"_links":{"self":[{"href":"https:\/\/markkuu.fi\/wordpress\/index.php?rest_route=\/wp\/v2\/pages\/95","targetHints":{"allow":["GET"]}}],"collection":[{"href":"https:\/\/markkuu.fi\/wordpress\/index.php?rest_route=\/wp\/v2\/pages"}],"about":[{"href":"https:\/\/markkuu.fi\/wordpress\/index.php?rest_route=\/wp\/v2\/types\/page"}],"author":[{"embeddable":true,"href":"https:\/\/markkuu.fi\/wordpress\/index.php?rest_route=\/wp\/v2\/users\/2"}],"replies":[{"embeddable":true,"href":"https:\/\/markkuu.fi\/wordpress\/index.php?rest_route=%2Fwp%2Fv2%2Fcomments&post=95"}],"version-history":[{"count":15,"href":"https:\/\/markkuu.fi\/wordpress\/index.php?rest_route=\/wp\/v2\/pages\/95\/revisions"}],"predecessor-version":[{"id":960,"href":"https:\/\/markkuu.fi\/wordpress\/index.php?rest_route=\/wp\/v2\/pages\/95\/revisions\/960"}],"up":[{"embeddable":true,"href":"https:\/\/markkuu.fi\/wordpress\/index.php?rest_route=\/wp\/v2\/pages\/2"}],"wp:attachment":[{"href":"https:\/\/markkuu.fi\/wordpress\/index.php?rest_route=%2Fwp%2Fv2%2Fmedia&parent=95"}],"curies":[{"name":"wp","href":"https:\/\/api.w.org\/{rel}","templated":true}]}}