{"id":97,"date":"2015-11-07T00:19:16","date_gmt":"2015-11-06T22:19:16","guid":{"rendered":"http:\/\/markkuu.fi\/wordpress\/?page_id=97"},"modified":"2025-06-07T21:04:42","modified_gmt":"2025-06-07T18:04:42","slug":"ampumaradan-uimapaikan-kehittaminen","status":"publish","type":"page","link":"https:\/\/markkuu.fi\/wordpress\/?page_id=97","title":{"rendered":"Ampumaradan uimapaikan kehitt\u00e4minen"},"content":{"rendered":"<p>Kes\u00e4ll\u00e4<a href=\"http:\/\/markkuu.fi\/wordpress\/?page_id=91\"> ampumaradan uimaranta Rauhionojalla<\/a> on Markkuun kyl\u00e4l\u00e4isten ja muiden kuntalaisten mieluisa tapaamispaikka. Aluetta onkin kehitetty viime vuosien aikana monipuoliseksi vapaa-ajankohteeksi.<\/p>\n<figure id=\"attachment_267\" aria-describedby=\"caption-attachment-267\" style=\"width: 474px\" class=\"wp-caption alignnone\"><a href=\"http:\/\/markkuu.fi\/wordpress\/wp-content\/uploads\/2015\/11\/Markkuu-6474.jpg\"><img loading=\"lazy\" decoding=\"async\" class=\"wp-image-267 size-large\" src=\"http:\/\/markkuu.fi\/wordpress\/wp-content\/uploads\/2015\/11\/Markkuu-6474-1024x375.jpg\" alt=\"Markkuu-6474\" width=\"474\" height=\"174\" srcset=\"https:\/\/markkuu.fi\/wordpress\/wp-content\/uploads\/2015\/11\/Markkuu-6474-1024x375.jpg 1024w, https:\/\/markkuu.fi\/wordpress\/wp-content\/uploads\/2015\/11\/Markkuu-6474-300x110.jpg 300w, https:\/\/markkuu.fi\/wordpress\/wp-content\/uploads\/2015\/11\/Markkuu-6474.jpg 1920w\" sizes=\"auto, (max-width: 474px) 100vw, 474px\" \/><\/a><figcaption id=\"caption-attachment-267\" class=\"wp-caption-text\">Uimapaikan uusi nuotipaikka tuli tarpeeseen. Kuva Matti Alasaarela.<\/figcaption><\/figure>\n<p>Mik\u00e4p\u00e4 sen mukavampaa, kuin sy\u00f6d\u00e4 ev\u00e4it\u00e4 kes\u00e4ll\u00e4 2015 talkoilla rakentamallamme nuotiopaikalla ja vaihtaa uimapuku ylle pukukopissa, joka sekin nousi talkoovoimin! Rahoitusta hankkeeseen saatiin Nouseva Rannikkoseutu ry:lt\u00e4. Pukukoppien rakentamista varten saatiin my\u00f6s tarvikeavustuksia Tyrn\u00e4v\u00e4n Osuuspankilta ja kunnalta, sek\u00e4 mahtavat alennukset Rauta-Suotula Oy:lt\u00e4. Herkullinen v\u00e4rimaailma pukukoppien etusein\u00e4\u00e4n syntyi lasten maalaamalla taideteoksella.<\/p>\n<figure id=\"attachment_266\" aria-describedby=\"caption-attachment-266\" style=\"width: 474px\" class=\"wp-caption alignnone\"><a href=\"http:\/\/markkuu.fi\/wordpress\/wp-content\/uploads\/2015\/11\/Markkuu-5936.jpg\"><img loading=\"lazy\" decoding=\"async\" class=\"wp-image-266 size-large\" src=\"http:\/\/markkuu.fi\/wordpress\/wp-content\/uploads\/2015\/11\/Markkuu-5936-1024x682.jpg\" alt=\"Markkuu-5936\" width=\"474\" height=\"316\" \/><\/a><figcaption id=\"caption-attachment-266\" class=\"wp-caption-text\">Lapset taiteilivat Markkuun oman ilmeen. Kuva Matti Alasaarela.<\/figcaption><\/figure>\n<p>Uimapaikan kehitt\u00e4missuunnitelma on laadittu kyl\u00e4yhdistyksen ja Tyrn\u00e4v\u00e4n kunnan yhteisty\u00f6n\u00e4 vuosien 2019-2020 aikana. Kyl\u00e4yhdistys on toteuttanut osana <a href=\"http:\/\/markkuu.fi\/wordpress\/?page_id=700\" target=\"_blank\" rel=\"noopener noreferrer\">Mahdollisuuksien Markkuu -hanketta<\/a> alueelle 9 -v\u00e4yl\u00e4isen frisbeegolfradan, lasten leikkipaikan, uimalautan, kotalaavun sek\u00e4 piknikp\u00f6yd\u00e4t.<\/p>\n<p>Kunta on toteuttanut alueelle pys\u00e4k\u00f6intialueen, beach volley -kent\u00e4n, WC -tilat, lapsille vaijeriliu&#8217;un ja liukum\u00e4en sek\u00e4 puhdistanut uimapaikan rantaa liejusta ja kasvillisuudesta. Lis\u00e4ksi alueelle on suunniteltu beach volley -kentt\u00e4\u00e4.<\/p>\n<p>Tervetuloa virkist\u00e4ytym\u00e4\u00e4n Rauhionojan Rivieralle ja sen ymp\u00e4rist\u00f6\u00f6n!<\/p>\n<figure id=\"attachment_213\" aria-describedby=\"caption-attachment-213\" style=\"width: 474px\" class=\"wp-caption alignnone\"><a href=\"http:\/\/markkuu.fi\/wordpress\/wp-content\/uploads\/2015\/11\/IMG_2352.jpg\"><img loading=\"lazy\" decoding=\"async\" class=\"wp-image-213 size-large\" src=\"http:\/\/markkuu.fi\/wordpress\/wp-content\/uploads\/2015\/11\/IMG_2352-1024x683.jpg\" alt=\"IMG_2352\" width=\"474\" height=\"316\" srcset=\"https:\/\/markkuu.fi\/wordpress\/wp-content\/uploads\/2015\/11\/IMG_2352-1024x683.jpg 1024w, https:\/\/markkuu.fi\/wordpress\/wp-content\/uploads\/2015\/11\/IMG_2352-300x200.jpg 300w\" sizes=\"auto, (max-width: 474px) 100vw, 474px\" \/><\/a><figcaption id=\"caption-attachment-213\" class=\"wp-caption-text\">Kes\u00e4ll\u00e4 2015 rakennettiin isien ja poikien voimin nuotiopaikka uimarannalle. Kuva Riina Rahkila.<\/figcaption><\/figure>\n<p><a href=\"http:\/\/www.instagram.com\/markkuu_tyrnava\/\"><img loading=\"lazy\" decoding=\"async\" class=\"alignnone size-full wp-image-412\" src=\"http:\/\/markkuu.fi\/wordpress\/wp-content\/uploads\/2016\/01\/instagram.png\" alt=\"instagram\" width=\"52\" height=\"52\" \/><\/a><a href=\"https:\/\/www.facebook.com\/markkuunkylayhdistys\/\"><img loading=\"lazy\" decoding=\"async\" class=\"alignnone size-full wp-image-411\" src=\"http:\/\/markkuu.fi\/wordpress\/wp-content\/uploads\/2016\/01\/facebook.png\" alt=\"facebook\" width=\"52\" height=\"52\" \/><\/a><a href=\"https:\/\/twitter.com\/markkuu_tyrnava\"><img loading=\"lazy\" decoding=\"async\" class=\"alignnone size-full wp-image-407\" src=\"http:\/\/markkuu.fi\/wordpress\/wp-content\/uploads\/2016\/01\/twitter-1.png\" alt=\"twitter-1\" width=\"52\" height=\"52\" \/><\/a><br \/>\n<script>\/\/ <![CDATA[ !function(d,s,id){var js,fjs=d.getElementsByTagName(s)[0],p=\/^http:\/.test(d.location)?'http':'https';if(!d.getElementById(id)){js=d.createElement(s);js.id=id;js.src=p+':\/\/platform.twitter.com\/widgets.js';fjs.parentNode.insertBefore(js,fjs);}}(document, 'script', 'twitter-wjs'); \/\/ ]]><\/script><\/p>\n","protected":false},"excerpt":{"rendered":"<p>Kes\u00e4ll\u00e4 ampumaradan uimaranta Rauhionojalla on Markkuun kyl\u00e4l\u00e4isten ja muiden kuntalaisten mieluisa tapaamispaikka. Aluetta onkin kehitetty viime vuosien aikana monipuoliseksi vapaa-ajankohteeksi. Mik\u00e4p\u00e4 sen mukavampaa, kuin sy\u00f6d\u00e4 ev\u00e4it\u00e4 kes\u00e4ll\u00e4 2015 talkoilla rakentamallamme nuotiopaikalla ja vaihtaa uimapuku ylle pukukopissa, joka sekin nousi talkoovoimin! Rahoitusta hankkeeseen saatiin Nouseva Rannikkoseutu ry:lt\u00e4. Pukukoppien rakentamista varten saatiin my\u00f6s tarvikeavustuksia Tyrn\u00e4v\u00e4n Osuuspankilta ja &hellip; <a href=\"https:\/\/markkuu.fi\/wordpress\/?page_id=97\" class=\"more-link\">Jatka lukemista <span class=\"screen-reader-text\">Ampumaradan uimapaikan kehitt\u00e4minen<\/span> <span class=\"meta-nav\">&rarr;<\/span><\/a><\/p>\n","protected":false},"author":2,"featured_media":0,"parent":2,"menu_order":3,"comment_status":"closed","ping_status":"closed","template":"","meta":{"footnotes":""},"class_list":["post-97","page","type-page","status-publish","hentry"],"_links":{"self":[{"href":"https:\/\/markkuu.fi\/wordpress\/index.php?rest_route=\/wp\/v2\/pages\/97","targetHints":{"allow":["GET"]}}],"collection":[{"href":"https:\/\/markkuu.fi\/wordpress\/index.php?rest_route=\/wp\/v2\/pages"}],"about":[{"href":"https:\/\/markkuu.fi\/wordpress\/index.php?rest_route=\/wp\/v2\/types\/page"}],"author":[{"embeddable":true,"href":"https:\/\/markkuu.fi\/wordpress\/index.php?rest_route=\/wp\/v2\/users\/2"}],"replies":[{"embeddable":true,"href":"https:\/\/markkuu.fi\/wordpress\/index.php?rest_route=%2Fwp%2Fv2%2Fcomments&post=97"}],"version-history":[{"count":23,"href":"https:\/\/markkuu.fi\/wordpress\/index.php?rest_route=\/wp\/v2\/pages\/97\/revisions"}],"predecessor-version":[{"id":1686,"href":"https:\/\/markkuu.fi\/wordpress\/index.php?rest_route=\/wp\/v2\/pages\/97\/revisions\/1686"}],"up":[{"embeddable":true,"href":"https:\/\/markkuu.fi\/wordpress\/index.php?rest_route=\/wp\/v2\/pages\/2"}],"wp:attachment":[{"href":"https:\/\/markkuu.fi\/wordpress\/index.php?rest_route=%2Fwp%2Fv2%2Fmedia&parent=97"}],"curies":[{"name":"wp","href":"https:\/\/api.w.org\/{rel}","templated":true}]}}